{"id":1212,"date":"2018-06-19T13:49:26","date_gmt":"2018-06-19T11:49:26","guid":{"rendered":"http:\/\/montech.com\/ch\/?page_id=1212"},"modified":"2025-08-20T09:53:27","modified_gmt":"2025-08-20T07:53:27","slug":"datenschutz","status":"publish","type":"page","link":"https:\/\/montech.com\/ch\/de\/datenschutz\/","title":{"rendered":"Datenschutz"},"content":{"rendered":"","protected":false},"excerpt":{"rendered":"","protected":false},"author":1,"featured_media":0,"parent":0,"menu_order":80,"comment_status":"closed","ping_status":"closed","template":"views\/text.blade.php","meta":{"_acf_changed":false},"class_list":["post-1212","page","type-page","status-publish","hentry"],"acf":{"disable_search_index":false,"page_title":"Datenschutzerkl\u00e4rung | Montech AG","og_title":"Datenschutzerkl\u00e4rung | Montech AG","og_image":"","og_text":"Schutz Ihrer personenbezogenen Daten gem\u00e4\u00df Datenschutzgesetzen und EU Datenschutz-Grundverordnung (EU-DS-GVO). ","og_keywords":""},"_links":{"self":[{"href":"https:\/\/montech.com\/ch\/de\/wp-json\/wp\/v2\/pages\/1212","targetHints":{"allow":["GET"]}}],"collection":[{"href":"https:\/\/montech.com\/ch\/de\/wp-json\/wp\/v2\/pages"}],"about":[{"href":"https:\/\/montech.com\/ch\/de\/wp-json\/wp\/v2\/types\/page"}],"author":[{"embeddable":true,"href":"https:\/\/montech.com\/ch\/de\/wp-json\/wp\/v2\/users\/1"}],"replies":[{"embeddable":true,"href":"https:\/\/montech.com\/ch\/de\/wp-json\/wp\/v2\/comments?post=1212"}],"version-history":[{"count":54,"href":"https:\/\/montech.com\/ch\/de\/wp-json\/wp\/v2\/pages\/1212\/revisions"}],"predecessor-version":[{"id":27501,"href":"https:\/\/montech.com\/ch\/de\/wp-json\/wp\/v2\/pages\/1212\/revisions\/27501"}],"wp:attachment":[{"href":"https:\/\/montech.com\/ch\/de\/wp-json\/wp\/v2\/media?parent=1212"}],"curies":[{"name":"wp","href":"https:\/\/api.w.org\/{rel}","templated":true}]}}