{"id":15,"date":"2018-02-13T11:40:39","date_gmt":"2018-02-13T10:40:39","guid":{"rendered":"http:\/\/montech.com\/ch\/?page_id=15"},"modified":"2026-01-08T12:40:34","modified_gmt":"2026-01-08T11:40:34","slug":"unternehmen-more-than-technology","status":"publish","type":"page","link":"https:\/\/montech.com\/ch\/de\/unternehmen-more-than-technology\/","title":{"rendered":"Unternehmen"},"content":{"rendered":"","protected":false},"excerpt":{"rendered":"","protected":false},"author":1,"featured_media":0,"parent":0,"menu_order":92,"comment_status":"closed","ping_status":"closed","template":"views\/company.blade.php","meta":{"_acf_changed":false},"class_list":["post-15","page","type-page","status-publish","hentry"],"acf":{"disable_search_index":false,"page_title":"Technologieunternehmen f\u00fcr Transportb\u00e4nder und Aluprofile","og_title":"Technologieunternehmen f\u00fcr Transportb\u00e4nder und Aluprofile","og_image":"","og_text":"Entdecken Sie die fortschrittlichen Transportb\u00e4nder und Aluprofil Systeme vom Technologieunternehmen Montech. Entdecken Sie unsere innovativen L\u00f6sungen.","og_keywords":""},"_links":{"self":[{"href":"https:\/\/montech.com\/ch\/de\/wp-json\/wp\/v2\/pages\/15","targetHints":{"allow":["GET"]}}],"collection":[{"href":"https:\/\/montech.com\/ch\/de\/wp-json\/wp\/v2\/pages"}],"about":[{"href":"https:\/\/montech.com\/ch\/de\/wp-json\/wp\/v2\/types\/page"}],"author":[{"embeddable":true,"href":"https:\/\/montech.com\/ch\/de\/wp-json\/wp\/v2\/users\/1"}],"replies":[{"embeddable":true,"href":"https:\/\/montech.com\/ch\/de\/wp-json\/wp\/v2\/comments?post=15"}],"version-history":[{"count":237,"href":"https:\/\/montech.com\/ch\/de\/wp-json\/wp\/v2\/pages\/15\/revisions"}],"predecessor-version":[{"id":28507,"href":"https:\/\/montech.com\/ch\/de\/wp-json\/wp\/v2\/pages\/15\/revisions\/28507"}],"wp:attachment":[{"href":"https:\/\/montech.com\/ch\/de\/wp-json\/wp\/v2\/media?parent=15"}],"curies":[{"name":"wp","href":"https:\/\/api.w.org\/{rel}","templated":true}]}}