{"id":15568,"date":"2021-04-30T22:52:53","date_gmt":"2021-04-30T20:52:53","guid":{"rendered":"https:\/\/montech.com\/ch\/?page_id=15568"},"modified":"2026-04-02T10:58:20","modified_gmt":"2026-04-02T08:58:20","slug":"home-2","status":"publish","type":"page","link":"https:\/\/montech.com\/ch\/de\/","title":{"rendered":"Montech: F\u00f6rderb\u00e4nder, Transportsysteme und Aluminium-Profilsystem"},"content":{"rendered":"","protected":false},"excerpt":{"rendered":"","protected":false},"author":15,"featured_media":0,"parent":0,"menu_order":44,"comment_status":"closed","ping_status":"closed","template":"views\/montech-home.blade.php","meta":{"_acf_changed":false},"class_list":["post-15568","page","type-page","status-publish","hentry"],"acf":{"disable_search_index":false,"page_title":"Montech - Ihr Spezialist f\u00fcr F\u00f6rdertechnik und Profiltechnik","og_title":"Montech - Ihr Spezialist f\u00fcr F\u00f6rdertechnik und Profiltechnik","og_image":16045,"og_text":"Montech - Ihr Spezialist f\u00fcr F\u00f6rdertechnik und Profiltechnik. Hochwertige L\u00f6sungen f\u00fcr verschiedene Branchen. Schweizer Qualit\u00e4t und Innovation.","og_keywords":""},"_links":{"self":[{"href":"https:\/\/montech.com\/ch\/de\/wp-json\/wp\/v2\/pages\/15568","targetHints":{"allow":["GET"]}}],"collection":[{"href":"https:\/\/montech.com\/ch\/de\/wp-json\/wp\/v2\/pages"}],"about":[{"href":"https:\/\/montech.com\/ch\/de\/wp-json\/wp\/v2\/types\/page"}],"author":[{"embeddable":true,"href":"https:\/\/montech.com\/ch\/de\/wp-json\/wp\/v2\/users\/15"}],"replies":[{"embeddable":true,"href":"https:\/\/montech.com\/ch\/de\/wp-json\/wp\/v2\/comments?post=15568"}],"version-history":[{"count":187,"href":"https:\/\/montech.com\/ch\/de\/wp-json\/wp\/v2\/pages\/15568\/revisions"}],"predecessor-version":[{"id":29135,"href":"https:\/\/montech.com\/ch\/de\/wp-json\/wp\/v2\/pages\/15568\/revisions\/29135"}],"wp:attachment":[{"href":"https:\/\/montech.com\/ch\/de\/wp-json\/wp\/v2\/media?parent=15568"}],"curies":[{"name":"wp","href":"https:\/\/api.w.org\/{rel}","templated":true}]}}