{"id":15582,"date":"2021-04-19T09:36:35","date_gmt":"2021-04-19T07:36:35","guid":{"rendered":"https:\/\/montech.com\/ch\/?page_id=15582"},"modified":"2026-01-27T11:12:52","modified_gmt":"2026-01-27T10:12:52","slug":"aluprofil-systeme","status":"publish","type":"page","link":"https:\/\/montech.com\/ch\/de\/aluprofile\/aluprofil-systeme\/","title":{"rendered":"Aluprofil Systeme MPS"},"content":{"rendered":"","protected":false},"excerpt":{"rendered":"","protected":false},"author":15,"featured_media":0,"parent":18780,"menu_order":0,"comment_status":"closed","ping_status":"closed","template":"views\/product-overview.blade.php","meta":{"_acf_changed":false},"class_list":["post-15582","page","type-page","status-publish","hentry"],"acf":{"disable_search_index":false,"page_title":"Aluprofil Systeme MPS - Flexible und Robuste L\u00f6sungen","og_title":"Aluprofil Systeme MPS - Flexible und Robuste L\u00f6sungen","og_image":15796,"og_text":"Aluprofil Systeme f\u00fcr flexible und pr\u00e4zise Umsetzung Ihrer Anwendungen in verschiedenen industriellen Bereichen. Entdecken Sie das breite Angebot.","og_keywords":""},"_links":{"self":[{"href":"https:\/\/montech.com\/ch\/de\/wp-json\/wp\/v2\/pages\/15582","targetHints":{"allow":["GET"]}}],"collection":[{"href":"https:\/\/montech.com\/ch\/de\/wp-json\/wp\/v2\/pages"}],"about":[{"href":"https:\/\/montech.com\/ch\/de\/wp-json\/wp\/v2\/types\/page"}],"author":[{"embeddable":true,"href":"https:\/\/montech.com\/ch\/de\/wp-json\/wp\/v2\/users\/15"}],"replies":[{"embeddable":true,"href":"https:\/\/montech.com\/ch\/de\/wp-json\/wp\/v2\/comments?post=15582"}],"version-history":[{"count":66,"href":"https:\/\/montech.com\/ch\/de\/wp-json\/wp\/v2\/pages\/15582\/revisions"}],"predecessor-version":[{"id":26194,"href":"https:\/\/montech.com\/ch\/de\/wp-json\/wp\/v2\/pages\/15582\/revisions\/26194"}],"up":[{"embeddable":true,"href":"https:\/\/montech.com\/ch\/de\/wp-json\/wp\/v2\/pages\/18780"}],"wp:attachment":[{"href":"https:\/\/montech.com\/ch\/de\/wp-json\/wp\/v2\/media?parent=15582"}],"curies":[{"name":"wp","href":"https:\/\/api.w.org\/{rel}","templated":true}]}}