{"id":16714,"date":"2021-07-21T13:20:34","date_gmt":"2021-07-21T11:20:34","guid":{"rendered":"https:\/\/montech.com\/ch\/?page_id=16714"},"modified":"2024-03-27T09:41:52","modified_gmt":"2024-03-27T08:41:52","slug":"jobs-karriere","status":"publish","type":"page","link":"https:\/\/montech.com\/ch\/de\/jobs-karriere\/","title":{"rendered":"Jobs &amp; Karriere"},"content":{"rendered":"","protected":false},"excerpt":{"rendered":"","protected":false},"author":15,"featured_media":0,"parent":0,"menu_order":38,"comment_status":"closed","ping_status":"closed","template":"views\/template-career.blade.php","meta":{"_acf_changed":false},"class_list":["post-16714","page","type-page","status-publish","hentry"],"acf":{"disable_search_index":false,"page_title":"Abwechslungsreiche Arbeitspl\u00e4tze - Agil, dynamisch, famili\u00e4r.","og_title":"Abwechslungsreiche Arbeitspl\u00e4tze - Agil, dynamisch, famili\u00e4r.","og_image":14971,"og_text":"\u00dcber 50 Jahre Erfahrung in fortschrittlicher Automatisierungstechnik. Montech bietet attraktive Arbeitsbedingungen in einem famili\u00e4ren Umfeld.","og_keywords":""},"_links":{"self":[{"href":"https:\/\/montech.com\/ch\/de\/wp-json\/wp\/v2\/pages\/16714","targetHints":{"allow":["GET"]}}],"collection":[{"href":"https:\/\/montech.com\/ch\/de\/wp-json\/wp\/v2\/pages"}],"about":[{"href":"https:\/\/montech.com\/ch\/de\/wp-json\/wp\/v2\/types\/page"}],"author":[{"embeddable":true,"href":"https:\/\/montech.com\/ch\/de\/wp-json\/wp\/v2\/users\/15"}],"replies":[{"embeddable":true,"href":"https:\/\/montech.com\/ch\/de\/wp-json\/wp\/v2\/comments?post=16714"}],"version-history":[{"count":24,"href":"https:\/\/montech.com\/ch\/de\/wp-json\/wp\/v2\/pages\/16714\/revisions"}],"predecessor-version":[{"id":22489,"href":"https:\/\/montech.com\/ch\/de\/wp-json\/wp\/v2\/pages\/16714\/revisions\/22489"}],"wp:attachment":[{"href":"https:\/\/montech.com\/ch\/de\/wp-json\/wp\/v2\/media?parent=16714"}],"curies":[{"name":"wp","href":"https:\/\/api.w.org\/{rel}","templated":true}]}}