{"id":16716,"date":"2021-07-27T14:21:42","date_gmt":"2021-07-27T12:21:42","guid":{"rendered":"https:\/\/montech.com\/ch\/?page_id=16716"},"modified":"2024-09-18T10:07:04","modified_gmt":"2024-09-18T08:07:04","slug":"offene-stellen","status":"publish","type":"page","link":"https:\/\/montech.com\/ch\/de\/jobs-karriere\/offene-stellen\/","title":{"rendered":"Offene Stellen"},"content":{"rendered":"","protected":false},"excerpt":{"rendered":"","protected":false},"author":15,"featured_media":0,"parent":16714,"menu_order":35,"comment_status":"closed","ping_status":"closed","template":"views\/template-job-overview.blade.php","meta":{"_acf_changed":false},"class_list":["post-16716","page","type-page","status-publish","hentry"],"acf":{"disable_search_index":false,"page_title":"Spannende Karrierechancen: Offene Stellen im \u00dcberblick","og_title":"Spannende Karrierechancen: Offene Stellen im \u00dcberblick","og_image":15255,"og_text":"Karriere bei Montech: Attraktive Stellenangebote in F\u00f6rdertechnik und Profiltechnik entdecken.","og_keywords":""},"_links":{"self":[{"href":"https:\/\/montech.com\/ch\/de\/wp-json\/wp\/v2\/pages\/16716","targetHints":{"allow":["GET"]}}],"collection":[{"href":"https:\/\/montech.com\/ch\/de\/wp-json\/wp\/v2\/pages"}],"about":[{"href":"https:\/\/montech.com\/ch\/de\/wp-json\/wp\/v2\/types\/page"}],"author":[{"embeddable":true,"href":"https:\/\/montech.com\/ch\/de\/wp-json\/wp\/v2\/users\/15"}],"replies":[{"embeddable":true,"href":"https:\/\/montech.com\/ch\/de\/wp-json\/wp\/v2\/comments?post=16716"}],"version-history":[{"count":16,"href":"https:\/\/montech.com\/ch\/de\/wp-json\/wp\/v2\/pages\/16716\/revisions"}],"predecessor-version":[{"id":23990,"href":"https:\/\/montech.com\/ch\/de\/wp-json\/wp\/v2\/pages\/16716\/revisions\/23990"}],"up":[{"embeddable":true,"href":"https:\/\/montech.com\/ch\/de\/wp-json\/wp\/v2\/pages\/16714"}],"wp:attachment":[{"href":"https:\/\/montech.com\/ch\/de\/wp-json\/wp\/v2\/media?parent=16716"}],"curies":[{"name":"wp","href":"https:\/\/api.w.org\/{rel}","templated":true}]}}