{"id":16718,"date":"2021-07-29T15:15:39","date_gmt":"2021-07-29T13:15:39","guid":{"rendered":"https:\/\/montech.com\/ch\/?page_id=16718"},"modified":"2024-03-27T09:43:43","modified_gmt":"2024-03-27T08:43:43","slug":"lehre-bei-montech","status":"publish","type":"page","link":"https:\/\/montech.com\/ch\/de\/jobs-karriere\/lehre-bei-montech\/","title":{"rendered":"Lehre bei Montech"},"content":{"rendered":"","protected":false},"excerpt":{"rendered":"","protected":false},"author":15,"featured_media":0,"parent":16714,"menu_order":28,"comment_status":"closed","ping_status":"closed","template":"views\/template-job-overview.blade.php","meta":{"_acf_changed":false},"class_list":["post-16718","page","type-page","status-publish","hentry"],"acf":{"disable_search_index":false,"page_title":"Lehre in Konstruktion, Produktionsmechanik und Logistik","og_title":"Lehre in Konstruktion, Produktionsmechanik und Logistik","og_image":18622,"og_text":"Berufsabenteuer bei Montech! Berufslehren in Konstruktion, Produktionsmechanik und Logistik. Professionelle und famili\u00e4re Unterst\u00fctzung f\u00fcr junge Menschen. ","og_keywords":""},"_links":{"self":[{"href":"https:\/\/montech.com\/ch\/de\/wp-json\/wp\/v2\/pages\/16718","targetHints":{"allow":["GET"]}}],"collection":[{"href":"https:\/\/montech.com\/ch\/de\/wp-json\/wp\/v2\/pages"}],"about":[{"href":"https:\/\/montech.com\/ch\/de\/wp-json\/wp\/v2\/types\/page"}],"author":[{"embeddable":true,"href":"https:\/\/montech.com\/ch\/de\/wp-json\/wp\/v2\/users\/15"}],"replies":[{"embeddable":true,"href":"https:\/\/montech.com\/ch\/de\/wp-json\/wp\/v2\/comments?post=16718"}],"version-history":[{"count":13,"href":"https:\/\/montech.com\/ch\/de\/wp-json\/wp\/v2\/pages\/16718\/revisions"}],"predecessor-version":[{"id":22492,"href":"https:\/\/montech.com\/ch\/de\/wp-json\/wp\/v2\/pages\/16718\/revisions\/22492"}],"up":[{"embeddable":true,"href":"https:\/\/montech.com\/ch\/de\/wp-json\/wp\/v2\/pages\/16714"}],"wp:attachment":[{"href":"https:\/\/montech.com\/ch\/de\/wp-json\/wp\/v2\/media?parent=16718"}],"curies":[{"name":"wp","href":"https:\/\/api.w.org\/{rel}","templated":true}]}}