{"id":16946,"date":"2021-10-21T10:29:55","date_gmt":"2021-10-21T08:29:55","guid":{"rendered":"https:\/\/montech.com\/ch\/?page_id=16946"},"modified":"2026-01-30T14:10:05","modified_gmt":"2026-01-30T13:10:05","slug":"foerderband-tb30-eingurt","status":"publish","type":"page","link":"https:\/\/montech.com\/ch\/de\/foerderbaender\/foerderband-tb30-eingurt\/","title":{"rendered":"F\u00f6rderband TB30 Eingurt"},"content":{"rendered":"","protected":false},"excerpt":{"rendered":"","protected":false},"author":15,"featured_media":0,"parent":18557,"menu_order":1,"comment_status":"closed","ping_status":"closed","template":"views\/product.blade.php","meta":{"_acf_changed":false},"class_list":["post-16946","page","type-page","status-publish","hentry"],"acf":{"disable_search_index":false,"page_title":"F\u00f6rderband TB30 Eingurt","og_title":"F\u00f6rderband TB30 Eingurt","og_image":24981,"og_text":"Ideales F\u00f6rderband f\u00fcr individuelle Anforderungen sowie modularer Bauweise.","og_keywords":""},"_links":{"self":[{"href":"https:\/\/montech.com\/ch\/de\/wp-json\/wp\/v2\/pages\/16946","targetHints":{"allow":["GET"]}}],"collection":[{"href":"https:\/\/montech.com\/ch\/de\/wp-json\/wp\/v2\/pages"}],"about":[{"href":"https:\/\/montech.com\/ch\/de\/wp-json\/wp\/v2\/types\/page"}],"author":[{"embeddable":true,"href":"https:\/\/montech.com\/ch\/de\/wp-json\/wp\/v2\/users\/15"}],"replies":[{"embeddable":true,"href":"https:\/\/montech.com\/ch\/de\/wp-json\/wp\/v2\/comments?post=16946"}],"version-history":[{"count":86,"href":"https:\/\/montech.com\/ch\/de\/wp-json\/wp\/v2\/pages\/16946\/revisions"}],"predecessor-version":[{"id":28809,"href":"https:\/\/montech.com\/ch\/de\/wp-json\/wp\/v2\/pages\/16946\/revisions\/28809"}],"up":[{"embeddable":true,"href":"https:\/\/montech.com\/ch\/de\/wp-json\/wp\/v2\/pages\/18557"}],"wp:attachment":[{"href":"https:\/\/montech.com\/ch\/de\/wp-json\/wp\/v2\/media?parent=16946"}],"curies":[{"name":"wp","href":"https:\/\/api.w.org\/{rel}","templated":true}]}}