{"id":16965,"date":"2021-10-21T10:52:34","date_gmt":"2021-10-21T08:52:34","guid":{"rendered":"https:\/\/montech.com\/ch\/?page_id=16965"},"modified":"2026-03-04T11:09:08","modified_gmt":"2026-03-04T10:09:08","slug":"foerderband-tb30-doppelgurt","status":"publish","type":"page","link":"https:\/\/montech.com\/ch\/de\/foerderbaender\/foerderband-tb30-doppelgurt\/","title":{"rendered":"F\u00f6rderband TB30 Doppelgurt"},"content":{"rendered":"","protected":false},"excerpt":{"rendered":"","protected":false},"author":15,"featured_media":0,"parent":18557,"menu_order":2,"comment_status":"closed","ping_status":"closed","template":"views\/product.blade.php","meta":{"_acf_changed":false},"class_list":["post-16965","page","type-page","status-publish","hentry"],"acf":{"disable_search_index":false,"page_title":"Doppelgurt-F\u00f6rderband TB30: Das flexible Transportband","og_title":"Doppelgurt-F\u00f6rderband TB30: Das flexible Transportband","og_image":25525,"og_text":"Doppelgurt-F\u00f6rderband TB30 -  Das flexible Transportband f\u00fcr kleine Auflagefl\u00e4chen und Bearbeitungen von unten. ","og_keywords":""},"_links":{"self":[{"href":"https:\/\/montech.com\/ch\/de\/wp-json\/wp\/v2\/pages\/16965","targetHints":{"allow":["GET"]}}],"collection":[{"href":"https:\/\/montech.com\/ch\/de\/wp-json\/wp\/v2\/pages"}],"about":[{"href":"https:\/\/montech.com\/ch\/de\/wp-json\/wp\/v2\/types\/page"}],"author":[{"embeddable":true,"href":"https:\/\/montech.com\/ch\/de\/wp-json\/wp\/v2\/users\/15"}],"replies":[{"embeddable":true,"href":"https:\/\/montech.com\/ch\/de\/wp-json\/wp\/v2\/comments?post=16965"}],"version-history":[{"count":73,"href":"https:\/\/montech.com\/ch\/de\/wp-json\/wp\/v2\/pages\/16965\/revisions"}],"predecessor-version":[{"id":28979,"href":"https:\/\/montech.com\/ch\/de\/wp-json\/wp\/v2\/pages\/16965\/revisions\/28979"}],"up":[{"embeddable":true,"href":"https:\/\/montech.com\/ch\/de\/wp-json\/wp\/v2\/pages\/18557"}],"wp:attachment":[{"href":"https:\/\/montech.com\/ch\/de\/wp-json\/wp\/v2\/media?parent=16965"}],"curies":[{"name":"wp","href":"https:\/\/api.w.org\/{rel}","templated":true}]}}