{"id":16971,"date":"2021-10-21T11:22:34","date_gmt":"2021-10-21T09:22:34","guid":{"rendered":"https:\/\/montech.com\/ch\/?page_id=16971"},"modified":"2026-03-04T11:07:18","modified_gmt":"2026-03-04T10:07:18","slug":"foerderband-tb30-tandem","status":"publish","type":"page","link":"https:\/\/montech.com\/ch\/de\/foerderbaender\/foerderband-tb30-tandem\/","title":{"rendered":"F\u00f6rderband TB30 Tandem"},"content":{"rendered":"","protected":false},"excerpt":{"rendered":"","protected":false},"author":15,"featured_media":0,"parent":18557,"menu_order":3,"comment_status":"closed","ping_status":"closed","template":"views\/product.blade.php","meta":{"_acf_changed":false},"class_list":["post-16971","page","type-page","status-publish","hentry"],"acf":{"disable_search_index":false,"page_title":"Tandem-F\u00f6rderband TB30: F\u00fcr maximale Produktivit\u00e4t","og_title":"Tandem-F\u00f6rderband TB30: F\u00fcr maximale Produktivit\u00e4t","og_image":24623,"og_text":"Tandem-F\u00f6rderband TB30 - flexible L\u00f6sung f\u00fcr effiziente Fertigungsprozesse. Erfahren Sie mehr \u00fcber die technischen Eigenschaften auf unserer Website.","og_keywords":""},"_links":{"self":[{"href":"https:\/\/montech.com\/ch\/de\/wp-json\/wp\/v2\/pages\/16971","targetHints":{"allow":["GET"]}}],"collection":[{"href":"https:\/\/montech.com\/ch\/de\/wp-json\/wp\/v2\/pages"}],"about":[{"href":"https:\/\/montech.com\/ch\/de\/wp-json\/wp\/v2\/types\/page"}],"author":[{"embeddable":true,"href":"https:\/\/montech.com\/ch\/de\/wp-json\/wp\/v2\/users\/15"}],"replies":[{"embeddable":true,"href":"https:\/\/montech.com\/ch\/de\/wp-json\/wp\/v2\/comments?post=16971"}],"version-history":[{"count":57,"href":"https:\/\/montech.com\/ch\/de\/wp-json\/wp\/v2\/pages\/16971\/revisions"}],"predecessor-version":[{"id":28978,"href":"https:\/\/montech.com\/ch\/de\/wp-json\/wp\/v2\/pages\/16971\/revisions\/28978"}],"up":[{"embeddable":true,"href":"https:\/\/montech.com\/ch\/de\/wp-json\/wp\/v2\/pages\/18557"}],"wp:attachment":[{"href":"https:\/\/montech.com\/ch\/de\/wp-json\/wp\/v2\/media?parent=16971"}],"curies":[{"name":"wp","href":"https:\/\/api.w.org\/{rel}","templated":true}]}}