{"id":16976,"date":"2021-10-21T11:32:01","date_gmt":"2021-10-21T09:32:01","guid":{"rendered":"https:\/\/montech.com\/ch\/?page_id=16976"},"modified":"2026-01-20T13:34:46","modified_gmt":"2026-01-20T12:34:46","slug":"foerderband-tb40","status":"publish","type":"page","link":"https:\/\/montech.com\/ch\/de\/foerderbaender\/foerderband-tb40\/","title":{"rendered":"F\u00f6rderband TB40"},"content":{"rendered":"","protected":false},"excerpt":{"rendered":"","protected":false},"author":15,"featured_media":0,"parent":18557,"menu_order":4,"comment_status":"closed","ping_status":"closed","template":"views\/product.blade.php","meta":{"_acf_changed":false},"class_list":["post-16976","page","type-page","status-publish","hentry"],"acf":{"disable_search_index":false,"page_title":"F\u00f6rderband TB40: Schnelle und pr\u00e4zise Abl\u00e4ufe optimieren","og_title":"F\u00f6rderband TB40: Schnelle und pr\u00e4zise Abl\u00e4ufe optimieren","og_image":21825,"og_text":"F\u00f6rderband TB40 - modular, anpassbar. Energiesparender 24 V BLDC Motor. Kompakte Bauweise. Effizientes Transportband f\u00fcr individuelle Anforderungen.","og_keywords":""},"_links":{"self":[{"href":"https:\/\/montech.com\/ch\/de\/wp-json\/wp\/v2\/pages\/16976","targetHints":{"allow":["GET"]}}],"collection":[{"href":"https:\/\/montech.com\/ch\/de\/wp-json\/wp\/v2\/pages"}],"about":[{"href":"https:\/\/montech.com\/ch\/de\/wp-json\/wp\/v2\/types\/page"}],"author":[{"embeddable":true,"href":"https:\/\/montech.com\/ch\/de\/wp-json\/wp\/v2\/users\/15"}],"replies":[{"embeddable":true,"href":"https:\/\/montech.com\/ch\/de\/wp-json\/wp\/v2\/comments?post=16976"}],"version-history":[{"count":82,"href":"https:\/\/montech.com\/ch\/de\/wp-json\/wp\/v2\/pages\/16976\/revisions"}],"predecessor-version":[{"id":27503,"href":"https:\/\/montech.com\/ch\/de\/wp-json\/wp\/v2\/pages\/16976\/revisions\/27503"}],"up":[{"embeddable":true,"href":"https:\/\/montech.com\/ch\/de\/wp-json\/wp\/v2\/pages\/18557"}],"wp:attachment":[{"href":"https:\/\/montech.com\/ch\/de\/wp-json\/wp\/v2\/media?parent=16976"}],"curies":[{"name":"wp","href":"https:\/\/api.w.org\/{rel}","templated":true}]}}