{"id":16988,"date":"2021-10-21T16:39:01","date_gmt":"2021-10-21T14:39:01","guid":{"rendered":"https:\/\/montech.com\/ch\/?page_id=16988"},"modified":"2026-02-18T17:01:12","modified_gmt":"2026-02-18T16:01:12","slug":"grosstransportband-gtb","status":"publish","type":"page","link":"https:\/\/montech.com\/ch\/de\/foerderbaender\/grosstransportband-gtb\/","title":{"rendered":"F\u00f6rderband GTB"},"content":{"rendered":"","protected":false},"excerpt":{"rendered":"","protected":false},"author":15,"featured_media":0,"parent":18557,"menu_order":6,"comment_status":"closed","ping_status":"closed","template":"views\/product.blade.php","meta":{"_acf_changed":false},"class_list":["post-16988","page","type-page","status-publish","hentry"],"acf":{"disable_search_index":false,"page_title":"F\u00f6rderband GTB: Effizienter Transport ","og_title":"F\u00f6rderband GTB: Effizienter Transport","og_image":21148,"og_text":"Das F\u00f6rderband GTB von Montech erm\u00f6glicht effizienten und zuverl\u00e4ssigen Transport gro\u00dfer Lasten. Technische Details auf unserer Website.","og_keywords":""},"_links":{"self":[{"href":"https:\/\/montech.com\/ch\/de\/wp-json\/wp\/v2\/pages\/16988","targetHints":{"allow":["GET"]}}],"collection":[{"href":"https:\/\/montech.com\/ch\/de\/wp-json\/wp\/v2\/pages"}],"about":[{"href":"https:\/\/montech.com\/ch\/de\/wp-json\/wp\/v2\/types\/page"}],"author":[{"embeddable":true,"href":"https:\/\/montech.com\/ch\/de\/wp-json\/wp\/v2\/users\/15"}],"replies":[{"embeddable":true,"href":"https:\/\/montech.com\/ch\/de\/wp-json\/wp\/v2\/comments?post=16988"}],"version-history":[{"count":49,"href":"https:\/\/montech.com\/ch\/de\/wp-json\/wp\/v2\/pages\/16988\/revisions"}],"predecessor-version":[{"id":28875,"href":"https:\/\/montech.com\/ch\/de\/wp-json\/wp\/v2\/pages\/16988\/revisions\/28875"}],"up":[{"embeddable":true,"href":"https:\/\/montech.com\/ch\/de\/wp-json\/wp\/v2\/pages\/18557"}],"wp:attachment":[{"href":"https:\/\/montech.com\/ch\/de\/wp-json\/wp\/v2\/media?parent=16988"}],"curies":[{"name":"wp","href":"https:\/\/api.w.org\/{rel}","templated":true}]}}