{"id":16997,"date":"2021-10-21T16:39:17","date_gmt":"2021-10-21T14:39:17","guid":{"rendered":"https:\/\/montech.com\/ch\/?page_id=16997"},"modified":"2026-01-28T13:09:57","modified_gmt":"2026-01-28T12:09:57","slug":"aluminiumprofil-quick-set-40","status":"publish","type":"page","link":"https:\/\/montech.com\/ch\/de\/aluprofile\/aluminiumprofil-quick-set-verbindungstechnik\/aluminiumprofil-quick-set-40\/","title":{"rendered":"Aluminiumprofil Quick-Set 40"},"content":{"rendered":"","protected":false},"excerpt":{"rendered":"","protected":false},"author":15,"featured_media":0,"parent":17,"menu_order":64,"comment_status":"closed","ping_status":"closed","template":"views\/product.blade.php","meta":{"_acf_changed":false},"class_list":["post-16997","page","type-page","status-publish","hentry"],"acf":{"disable_search_index":false,"page_title":"Aluminiumprofil Quick-Set 40","og_title":"Aluminiumprofil Quick-Set 40","og_image":1613,"og_text":" Erfahren Sie mehr \u00fcber das Aluminiumprofil Quick-Set 40 , ein universelles System f\u00fcr schnelle und pr\u00e4zise Verbindungstechnik.","og_keywords":""},"_links":{"self":[{"href":"https:\/\/montech.com\/ch\/de\/wp-json\/wp\/v2\/pages\/16997","targetHints":{"allow":["GET"]}}],"collection":[{"href":"https:\/\/montech.com\/ch\/de\/wp-json\/wp\/v2\/pages"}],"about":[{"href":"https:\/\/montech.com\/ch\/de\/wp-json\/wp\/v2\/types\/page"}],"author":[{"embeddable":true,"href":"https:\/\/montech.com\/ch\/de\/wp-json\/wp\/v2\/users\/15"}],"replies":[{"embeddable":true,"href":"https:\/\/montech.com\/ch\/de\/wp-json\/wp\/v2\/comments?post=16997"}],"version-history":[{"count":13,"href":"https:\/\/montech.com\/ch\/de\/wp-json\/wp\/v2\/pages\/16997\/revisions"}],"predecessor-version":[{"id":25866,"href":"https:\/\/montech.com\/ch\/de\/wp-json\/wp\/v2\/pages\/16997\/revisions\/25866"}],"up":[{"embeddable":true,"href":"https:\/\/montech.com\/ch\/de\/wp-json\/wp\/v2\/pages\/17"}],"wp:attachment":[{"href":"https:\/\/montech.com\/ch\/de\/wp-json\/wp\/v2\/media?parent=16997"}],"curies":[{"name":"wp","href":"https:\/\/api.w.org\/{rel}","templated":true}]}}