{"id":17006,"date":"2021-10-21T16:39:04","date_gmt":"2021-10-21T14:39:04","guid":{"rendered":"https:\/\/montech.com\/ch\/?page_id=17006"},"modified":"2026-01-28T09:31:13","modified_gmt":"2026-01-28T08:31:13","slug":"aluminiumprofil-quick-set-20","status":"publish","type":"page","link":"https:\/\/montech.com\/ch\/de\/aluprofile\/aluminiumprofil-quick-set-verbindungstechnik\/aluminiumprofil-quick-set-20\/","title":{"rendered":"Aluminiumprofil Quick-Set 20"},"content":{"rendered":"","protected":false},"excerpt":{"rendered":"","protected":false},"author":15,"featured_media":0,"parent":17,"menu_order":62,"comment_status":"closed","ping_status":"closed","template":"views\/product.blade.php","meta":{"_acf_changed":false},"class_list":["post-17006","page","type-page","status-publish","hentry"],"acf":{"disable_search_index":false,"page_title":"Aluminiumprofil Quick-Set 20","og_title":"Aluminiumprofil Quick-Set 20","og_image":15135,"og_text":"Erfahren Sie mehr \u00fcber das kleine Aluminium-Profilsystem Quick-Set Baugr\u00f6\u00dfe 20 von Montech, das ideal f\u00fcr Industrie- oder B\u00fcroarbeitspl\u00e4tze ist. ","og_keywords":""},"_links":{"self":[{"href":"https:\/\/montech.com\/ch\/de\/wp-json\/wp\/v2\/pages\/17006","targetHints":{"allow":["GET"]}}],"collection":[{"href":"https:\/\/montech.com\/ch\/de\/wp-json\/wp\/v2\/pages"}],"about":[{"href":"https:\/\/montech.com\/ch\/de\/wp-json\/wp\/v2\/types\/page"}],"author":[{"embeddable":true,"href":"https:\/\/montech.com\/ch\/de\/wp-json\/wp\/v2\/users\/15"}],"replies":[{"embeddable":true,"href":"https:\/\/montech.com\/ch\/de\/wp-json\/wp\/v2\/comments?post=17006"}],"version-history":[{"count":11,"href":"https:\/\/montech.com\/ch\/de\/wp-json\/wp\/v2\/pages\/17006\/revisions"}],"predecessor-version":[{"id":25874,"href":"https:\/\/montech.com\/ch\/de\/wp-json\/wp\/v2\/pages\/17006\/revisions\/25874"}],"up":[{"embeddable":true,"href":"https:\/\/montech.com\/ch\/de\/wp-json\/wp\/v2\/pages\/17"}],"wp:attachment":[{"href":"https:\/\/montech.com\/ch\/de\/wp-json\/wp\/v2\/media?parent=17006"}],"curies":[{"name":"wp","href":"https:\/\/api.w.org\/{rel}","templated":true}]}}