{"id":17012,"date":"2021-10-21T16:39:24","date_gmt":"2021-10-21T14:39:24","guid":{"rendered":"https:\/\/montech.com\/ch\/?page_id=17012"},"modified":"2026-01-27T10:58:48","modified_gmt":"2026-01-27T09:58:48","slug":"laengstransfersystem-lte","status":"publish","type":"page","link":"https:\/\/montech.com\/ch\/de\/transfersysteme\/laengstransfersystem-lte\/","title":{"rendered":"L\u00e4ngstransfersystem LTE"},"content":{"rendered":"","protected":false},"excerpt":{"rendered":"","protected":false},"author":15,"featured_media":0,"parent":19205,"menu_order":2,"comment_status":"closed","ping_status":"closed","template":"views\/product.blade.php","meta":{"_acf_changed":false},"class_list":["post-17012","page","type-page","status-publish","hentry"],"acf":{"disable_search_index":false,"page_title":"L\u00e4ngstransfersystem LTE f\u00fcr Werkst\u00fcckf\u00fchrung","og_title":"L\u00e4ngstransfersystem LTE f\u00fcr Werkst\u00fcckf\u00fchrung","og_image":22027,"og_text":"","og_keywords":""},"_links":{"self":[{"href":"https:\/\/montech.com\/ch\/de\/wp-json\/wp\/v2\/pages\/17012","targetHints":{"allow":["GET"]}}],"collection":[{"href":"https:\/\/montech.com\/ch\/de\/wp-json\/wp\/v2\/pages"}],"about":[{"href":"https:\/\/montech.com\/ch\/de\/wp-json\/wp\/v2\/types\/page"}],"author":[{"embeddable":true,"href":"https:\/\/montech.com\/ch\/de\/wp-json\/wp\/v2\/users\/15"}],"replies":[{"embeddable":true,"href":"https:\/\/montech.com\/ch\/de\/wp-json\/wp\/v2\/comments?post=17012"}],"version-history":[{"count":38,"href":"https:\/\/montech.com\/ch\/de\/wp-json\/wp\/v2\/pages\/17012\/revisions"}],"predecessor-version":[{"id":28568,"href":"https:\/\/montech.com\/ch\/de\/wp-json\/wp\/v2\/pages\/17012\/revisions\/28568"}],"up":[{"embeddable":true,"href":"https:\/\/montech.com\/ch\/de\/wp-json\/wp\/v2\/pages\/19205"}],"wp:attachment":[{"href":"https:\/\/montech.com\/ch\/de\/wp-json\/wp\/v2\/media?parent=17012"}],"curies":[{"name":"wp","href":"https:\/\/api.w.org\/{rel}","templated":true}]}}