{"id":17029,"date":"2021-10-21T16:39:29","date_gmt":"2021-10-21T14:39:29","guid":{"rendered":"https:\/\/montech.com\/ch\/?page_id=17029"},"modified":"2026-03-13T08:55:09","modified_gmt":"2026-03-13T07:55:09","slug":"transfersystem-lt40","status":"publish","type":"page","link":"https:\/\/montech.com\/ch\/de\/transfersysteme\/transfersystem-lt40\/","title":{"rendered":"Transfersystem LT40"},"content":{"rendered":"","protected":false},"excerpt":{"rendered":"","protected":false},"author":15,"featured_media":0,"parent":19205,"menu_order":1,"comment_status":"closed","ping_status":"closed","template":"views\/product.blade.php","meta":{"_acf_changed":false},"class_list":["post-17029","page","type-page","status-publish","hentry"],"acf":{"disable_search_index":false,"page_title":"Transfersystem LT40 f\u00fcr Materialtransport ","og_title":"Transfersystem LT40 f\u00fcr Materialtransport ","og_image":1705,"og_text":"Effizientes Transfersystem LT40: Ideale L\u00f6sung f\u00fcr industriellen Materialtransport.","og_keywords":""},"_links":{"self":[{"href":"https:\/\/montech.com\/ch\/de\/wp-json\/wp\/v2\/pages\/17029","targetHints":{"allow":["GET"]}}],"collection":[{"href":"https:\/\/montech.com\/ch\/de\/wp-json\/wp\/v2\/pages"}],"about":[{"href":"https:\/\/montech.com\/ch\/de\/wp-json\/wp\/v2\/types\/page"}],"author":[{"embeddable":true,"href":"https:\/\/montech.com\/ch\/de\/wp-json\/wp\/v2\/users\/15"}],"replies":[{"embeddable":true,"href":"https:\/\/montech.com\/ch\/de\/wp-json\/wp\/v2\/comments?post=17029"}],"version-history":[{"count":54,"href":"https:\/\/montech.com\/ch\/de\/wp-json\/wp\/v2\/pages\/17029\/revisions"}],"predecessor-version":[{"id":29032,"href":"https:\/\/montech.com\/ch\/de\/wp-json\/wp\/v2\/pages\/17029\/revisions\/29032"}],"up":[{"embeddable":true,"href":"https:\/\/montech.com\/ch\/de\/wp-json\/wp\/v2\/pages\/19205"}],"wp:attachment":[{"href":"https:\/\/montech.com\/ch\/de\/wp-json\/wp\/v2\/media?parent=17029"}],"curies":[{"name":"wp","href":"https:\/\/api.w.org\/{rel}","templated":true}]}}