{"id":17549,"date":"2022-03-15T17:34:00","date_gmt":"2022-03-15T16:34:00","guid":{"rendered":"https:\/\/montech.com\/ch\/?page_id=17549"},"modified":"2024-06-18T12:38:47","modified_gmt":"2024-06-18T10:38:47","slug":"suche","status":"publish","type":"page","link":"https:\/\/montech.com\/ch\/de\/suche\/","title":{"rendered":"Suche"},"content":{"rendered":"","protected":false},"excerpt":{"rendered":"","protected":false},"author":1,"featured_media":0,"parent":0,"menu_order":0,"comment_status":"closed","ping_status":"closed","template":"views\/template-search-results.blade.php","meta":{"_acf_changed":false},"class_list":["post-17549","page","type-page","status-publish","hentry"],"acf":{"disable_search_index":true,"page_title":"Suche","og_title":"Suche - Suchergebnisse","og_image":"","og_text":"Entdecken Sie die vielseitigen L\u00f6sungen von Montech f\u00fcr F\u00f6rderb\u00e4nder und Transportsysteme. ","og_keywords":""},"_links":{"self":[{"href":"https:\/\/montech.com\/ch\/de\/wp-json\/wp\/v2\/pages\/17549","targetHints":{"allow":["GET"]}}],"collection":[{"href":"https:\/\/montech.com\/ch\/de\/wp-json\/wp\/v2\/pages"}],"about":[{"href":"https:\/\/montech.com\/ch\/de\/wp-json\/wp\/v2\/types\/page"}],"author":[{"embeddable":true,"href":"https:\/\/montech.com\/ch\/de\/wp-json\/wp\/v2\/users\/1"}],"replies":[{"embeddable":true,"href":"https:\/\/montech.com\/ch\/de\/wp-json\/wp\/v2\/comments?post=17549"}],"version-history":[{"count":6,"href":"https:\/\/montech.com\/ch\/de\/wp-json\/wp\/v2\/pages\/17549\/revisions"}],"predecessor-version":[{"id":23188,"href":"https:\/\/montech.com\/ch\/de\/wp-json\/wp\/v2\/pages\/17549\/revisions\/23188"}],"wp:attachment":[{"href":"https:\/\/montech.com\/ch\/de\/wp-json\/wp\/v2\/media?parent=17549"}],"curies":[{"name":"wp","href":"https:\/\/api.w.org\/{rel}","templated":true}]}}