{"id":18557,"date":"2023-01-09T11:35:53","date_gmt":"2023-01-09T10:35:53","guid":{"rendered":"https:\/\/montech.com\/ch\/?page_id=18557"},"modified":"2026-03-09T15:49:37","modified_gmt":"2026-03-09T14:49:37","slug":"foerderbaender","status":"publish","type":"page","link":"https:\/\/montech.com\/ch\/de\/foerderbaender\/","title":{"rendered":"F\u00f6rderb\u00e4nder"},"content":{"rendered":"","protected":false},"excerpt":{"rendered":"","protected":false},"author":15,"featured_media":0,"parent":0,"menu_order":0,"comment_status":"closed","ping_status":"closed","template":"views\/products.blade.php","meta":{"_acf_changed":false},"class_list":["post-18557","page","type-page","status-publish","hentry"],"acf":{"disable_search_index":false,"page_title":"F\u00f6rderb\u00e4nder \u2502 Transportb\u00e4nder \u2502 zuverl\u00e4ssig und flexibel","og_title":"F\u00f6rderb\u00e4nder \u2502 Transportb\u00e4nder \u2502 zuverl\u00e4ssig und flexibel","og_image":18588,"og_text":"Zuverl\u00e4ssige F\u00f6rderb\u00e4nder, Transportb\u00e4nder f\u00fcr effiziente Materialtransporte. Modular, flexibel, ma\u00dfgeschneidert.","og_keywords":""},"_links":{"self":[{"href":"https:\/\/montech.com\/ch\/de\/wp-json\/wp\/v2\/pages\/18557","targetHints":{"allow":["GET"]}}],"collection":[{"href":"https:\/\/montech.com\/ch\/de\/wp-json\/wp\/v2\/pages"}],"about":[{"href":"https:\/\/montech.com\/ch\/de\/wp-json\/wp\/v2\/types\/page"}],"author":[{"embeddable":true,"href":"https:\/\/montech.com\/ch\/de\/wp-json\/wp\/v2\/users\/15"}],"replies":[{"embeddable":true,"href":"https:\/\/montech.com\/ch\/de\/wp-json\/wp\/v2\/comments?post=18557"}],"version-history":[{"count":237,"href":"https:\/\/montech.com\/ch\/de\/wp-json\/wp\/v2\/pages\/18557\/revisions"}],"predecessor-version":[{"id":29020,"href":"https:\/\/montech.com\/ch\/de\/wp-json\/wp\/v2\/pages\/18557\/revisions\/29020"}],"wp:attachment":[{"href":"https:\/\/montech.com\/ch\/de\/wp-json\/wp\/v2\/media?parent=18557"}],"curies":[{"name":"wp","href":"https:\/\/api.w.org\/{rel}","templated":true}]}}