{"id":19084,"date":"2023-02-28T12:04:06","date_gmt":"2023-02-28T11:04:06","guid":{"rendered":"https:\/\/montech.com\/ch\/?page_id=19084"},"modified":"2024-09-18T09:53:58","modified_gmt":"2024-09-18T07:53:58","slug":"energieeffiziente-foerderbaender","status":"publish","type":"page","link":"https:\/\/montech.com\/ch\/de\/energieeffiziente-foerderbaender\/","title":{"rendered":"Energieeffiziente F\u00f6rderb\u00e4nder"},"content":{"rendered":"","protected":false},"excerpt":{"rendered":"","protected":false},"author":15,"featured_media":0,"parent":0,"menu_order":0,"comment_status":"closed","ping_status":"closed","template":"views\/products.blade.php","meta":{"_acf_changed":false},"class_list":["post-19084","page","type-page","status-publish","hentry"],"acf":{"disable_search_index":false,"page_title":"Energieeffiziente F\u00f6rderb\u00e4nder: Nachhaltig sparen","og_title":"Energieeffiziente F\u00f6rderb\u00e4nder: Nachhaltig sparen","og_image":18100,"og_text":"Nachhaltige F\u00f6rderb\u00e4nder f\u00fcr kosteneffizienten Betrieb. Energie und Kosten sparen mit unseren umweltbewussten Antrieben.","og_keywords":""},"_links":{"self":[{"href":"https:\/\/montech.com\/ch\/de\/wp-json\/wp\/v2\/pages\/19084","targetHints":{"allow":["GET"]}}],"collection":[{"href":"https:\/\/montech.com\/ch\/de\/wp-json\/wp\/v2\/pages"}],"about":[{"href":"https:\/\/montech.com\/ch\/de\/wp-json\/wp\/v2\/types\/page"}],"author":[{"embeddable":true,"href":"https:\/\/montech.com\/ch\/de\/wp-json\/wp\/v2\/users\/15"}],"replies":[{"embeddable":true,"href":"https:\/\/montech.com\/ch\/de\/wp-json\/wp\/v2\/comments?post=19084"}],"version-history":[{"count":62,"href":"https:\/\/montech.com\/ch\/de\/wp-json\/wp\/v2\/pages\/19084\/revisions"}],"predecessor-version":[{"id":23984,"href":"https:\/\/montech.com\/ch\/de\/wp-json\/wp\/v2\/pages\/19084\/revisions\/23984"}],"wp:attachment":[{"href":"https:\/\/montech.com\/ch\/de\/wp-json\/wp\/v2\/media?parent=19084"}],"curies":[{"name":"wp","href":"https:\/\/api.w.org\/{rel}","templated":true}]}}