{"id":19205,"date":"2023-03-15T12:35:00","date_gmt":"2023-03-15T11:35:00","guid":{"rendered":"https:\/\/montech.com\/ch\/?page_id=19205"},"modified":"2026-03-04T13:21:33","modified_gmt":"2026-03-04T12:21:33","slug":"transfersysteme","status":"publish","type":"page","link":"https:\/\/montech.com\/ch\/de\/transfersysteme\/","title":{"rendered":"Transfersysteme"},"content":{"rendered":"","protected":false},"excerpt":{"rendered":"","protected":false},"author":15,"featured_media":0,"parent":0,"menu_order":88,"comment_status":"closed","ping_status":"closed","template":"views\/products.blade.php","meta":{"_acf_changed":false},"class_list":["post-19205","page","type-page","status-publish","hentry"],"acf":{"disable_search_index":false,"page_title":"Transfersysteme f\u00fcr Produktionsabl\u00e4ufe","og_title":"Transfersysteme f\u00fcr Produktionsabl\u00e4ufe","og_image":18956,"og_text":"","og_keywords":""},"_links":{"self":[{"href":"https:\/\/montech.com\/ch\/de\/wp-json\/wp\/v2\/pages\/19205","targetHints":{"allow":["GET"]}}],"collection":[{"href":"https:\/\/montech.com\/ch\/de\/wp-json\/wp\/v2\/pages"}],"about":[{"href":"https:\/\/montech.com\/ch\/de\/wp-json\/wp\/v2\/types\/page"}],"author":[{"embeddable":true,"href":"https:\/\/montech.com\/ch\/de\/wp-json\/wp\/v2\/users\/15"}],"replies":[{"embeddable":true,"href":"https:\/\/montech.com\/ch\/de\/wp-json\/wp\/v2\/comments?post=19205"}],"version-history":[{"count":61,"href":"https:\/\/montech.com\/ch\/de\/wp-json\/wp\/v2\/pages\/19205\/revisions"}],"predecessor-version":[{"id":28983,"href":"https:\/\/montech.com\/ch\/de\/wp-json\/wp\/v2\/pages\/19205\/revisions\/28983"}],"wp:attachment":[{"href":"https:\/\/montech.com\/ch\/de\/wp-json\/wp\/v2\/media?parent=19205"}],"curies":[{"name":"wp","href":"https:\/\/api.w.org\/{rel}","templated":true}]}}