{"id":19703,"date":"2023-05-17T11:13:08","date_gmt":"2023-05-17T09:13:08","guid":{"rendered":"https:\/\/montech.com\/ch\/?page_id=19703"},"modified":"2025-06-13T10:00:37","modified_gmt":"2025-06-13T08:00:37","slug":"fliessbaender","status":"publish","type":"page","link":"https:\/\/montech.com\/ch\/de\/fliessbaender\/","title":{"rendered":"Hochwertige Flie\u00dfb\u00e4nder f\u00fcr effizientes Materialhandling"},"content":{"rendered":"","protected":false},"excerpt":{"rendered":"","protected":false},"author":15,"featured_media":0,"parent":0,"menu_order":0,"comment_status":"closed","ping_status":"closed","template":"views\/products.blade.php","meta":{"_acf_changed":false},"class_list":["post-19703","page","type-page","status-publish","hentry"],"acf":{"disable_search_index":false,"page_title":"Hochwertige Flie\u00dfb\u00e4nder f\u00fcr effizientes Materialhandling","og_title":"Hochwertige Flie\u00dfb\u00e4nder f\u00fcr effizientes Materialhandling","og_image":19711,"og_text":"Entdecken Sie unsere vielseitigen und zuverl\u00e4ssigen Flie\u00dfb\u00e4nder, die sowohl f\u00fcr gro\u00dfe Beh\u00e4lter als auch kleine Komponenten geeignet sind. ","og_keywords":""},"_links":{"self":[{"href":"https:\/\/montech.com\/ch\/de\/wp-json\/wp\/v2\/pages\/19703","targetHints":{"allow":["GET"]}}],"collection":[{"href":"https:\/\/montech.com\/ch\/de\/wp-json\/wp\/v2\/pages"}],"about":[{"href":"https:\/\/montech.com\/ch\/de\/wp-json\/wp\/v2\/types\/page"}],"author":[{"embeddable":true,"href":"https:\/\/montech.com\/ch\/de\/wp-json\/wp\/v2\/users\/15"}],"replies":[{"embeddable":true,"href":"https:\/\/montech.com\/ch\/de\/wp-json\/wp\/v2\/comments?post=19703"}],"version-history":[{"count":19,"href":"https:\/\/montech.com\/ch\/de\/wp-json\/wp\/v2\/pages\/19703\/revisions"}],"predecessor-version":[{"id":26688,"href":"https:\/\/montech.com\/ch\/de\/wp-json\/wp\/v2\/pages\/19703\/revisions\/26688"}],"wp:attachment":[{"href":"https:\/\/montech.com\/ch\/de\/wp-json\/wp\/v2\/media?parent=19703"}],"curies":[{"name":"wp","href":"https:\/\/api.w.org\/{rel}","templated":true}]}}