{"id":20070,"date":"2023-06-22T07:53:11","date_gmt":"2023-06-22T05:53:11","guid":{"rendered":"https:\/\/montech.com\/ch\/?page_id=20070"},"modified":"2026-03-05T07:51:18","modified_gmt":"2026-03-05T06:51:18","slug":"schutzeinrichtungen","status":"publish","type":"page","link":"https:\/\/montech.com\/ch\/de\/schutzeinrichtungen\/","title":{"rendered":"Schutzeinrichtungen"},"content":{"rendered":"","protected":false},"excerpt":{"rendered":"","protected":false},"author":15,"featured_media":0,"parent":0,"menu_order":0,"comment_status":"closed","ping_status":"closed","template":"views\/products.blade.php","meta":{"_acf_changed":false},"class_list":["post-20070","page","type-page","status-publish","hentry"],"acf":{"disable_search_index":false,"page_title":"Schutzeinrichtungen f\u00fcr erh\u00f6hte Arbeitssicherheit","og_title":"Schutzeinrichtungen f\u00fcr erh\u00f6hte Arbeitssicherheit","og_image":22527,"og_text":"Schutzeinrichtungen und innovative Maschineneinhausungen, die vor Gefahrenbereichen sch\u00fctzen.","og_keywords":""},"_links":{"self":[{"href":"https:\/\/montech.com\/ch\/de\/wp-json\/wp\/v2\/pages\/20070","targetHints":{"allow":["GET"]}}],"collection":[{"href":"https:\/\/montech.com\/ch\/de\/wp-json\/wp\/v2\/pages"}],"about":[{"href":"https:\/\/montech.com\/ch\/de\/wp-json\/wp\/v2\/types\/page"}],"author":[{"embeddable":true,"href":"https:\/\/montech.com\/ch\/de\/wp-json\/wp\/v2\/users\/15"}],"replies":[{"embeddable":true,"href":"https:\/\/montech.com\/ch\/de\/wp-json\/wp\/v2\/comments?post=20070"}],"version-history":[{"count":60,"href":"https:\/\/montech.com\/ch\/de\/wp-json\/wp\/v2\/pages\/20070\/revisions"}],"predecessor-version":[{"id":28352,"href":"https:\/\/montech.com\/ch\/de\/wp-json\/wp\/v2\/pages\/20070\/revisions\/28352"}],"wp:attachment":[{"href":"https:\/\/montech.com\/ch\/de\/wp-json\/wp\/v2\/media?parent=20070"}],"curies":[{"name":"wp","href":"https:\/\/api.w.org\/{rel}","templated":true}]}}