{"id":20606,"date":"2023-07-11T13:47:40","date_gmt":"2023-07-11T11:47:40","guid":{"rendered":"https:\/\/montech.com\/ch\/?page_id=20606"},"modified":"2026-01-27T13:23:18","modified_gmt":"2026-01-27T12:23:18","slug":"schutzhaube-sh","status":"publish","type":"page","link":"https:\/\/montech.com\/ch\/de\/schutzeinrichtungen\/schutzhaube-sh\/","title":{"rendered":"Schutzhaube SH"},"content":{"rendered":"","protected":false},"excerpt":{"rendered":"","protected":false},"author":15,"featured_media":0,"parent":20070,"menu_order":0,"comment_status":"closed","ping_status":"closed","template":"views\/product.blade.php","meta":{"_acf_changed":false},"class_list":["post-20606","page","type-page","status-publish","hentry"],"acf":{"disable_search_index":false,"page_title":"Professionelle Schutzhaube SH f\u00fcr sichere Maschinen","og_title":"Professionelle Schutzhaube SH f\u00fcr sichere Maschinen","og_image":"","og_text":"Die Schutzhaube SH bietet Schutz f\u00fcr Maschinen- und Produktionsvorrichtungen. Das Quick-Set-Aluprofil System erm\u00f6glicht eine einfache Montage.","og_keywords":""},"_links":{"self":[{"href":"https:\/\/montech.com\/ch\/de\/wp-json\/wp\/v2\/pages\/20606","targetHints":{"allow":["GET"]}}],"collection":[{"href":"https:\/\/montech.com\/ch\/de\/wp-json\/wp\/v2\/pages"}],"about":[{"href":"https:\/\/montech.com\/ch\/de\/wp-json\/wp\/v2\/types\/page"}],"author":[{"embeddable":true,"href":"https:\/\/montech.com\/ch\/de\/wp-json\/wp\/v2\/users\/15"}],"replies":[{"embeddable":true,"href":"https:\/\/montech.com\/ch\/de\/wp-json\/wp\/v2\/comments?post=20606"}],"version-history":[{"count":11,"href":"https:\/\/montech.com\/ch\/de\/wp-json\/wp\/v2\/pages\/20606\/revisions"}],"predecessor-version":[{"id":26202,"href":"https:\/\/montech.com\/ch\/de\/wp-json\/wp\/v2\/pages\/20606\/revisions\/26202"}],"up":[{"embeddable":true,"href":"https:\/\/montech.com\/ch\/de\/wp-json\/wp\/v2\/pages\/20070"}],"wp:attachment":[{"href":"https:\/\/montech.com\/ch\/de\/wp-json\/wp\/v2\/media?parent=20606"}],"curies":[{"name":"wp","href":"https:\/\/api.w.org\/{rel}","templated":true}]}}