{"id":20616,"date":"2023-07-11T14:17:22","date_gmt":"2023-07-11T12:17:22","guid":{"rendered":"https:\/\/montech.com\/ch\/?page_id=20616"},"modified":"2025-04-04T12:00:12","modified_gmt":"2025-04-04T10:00:12","slug":"schutzwand-sw","status":"publish","type":"page","link":"https:\/\/montech.com\/ch\/de\/schutzeinrichtungen\/schutzwand-sw\/","title":{"rendered":"Schutzwand SW"},"content":{"rendered":"","protected":false},"excerpt":{"rendered":"","protected":false},"author":15,"featured_media":0,"parent":20070,"menu_order":0,"comment_status":"closed","ping_status":"closed","template":"views\/product.blade.php","meta":{"_acf_changed":false},"class_list":["post-20616","page","type-page","status-publish","hentry"],"acf":{"disable_search_index":false,"page_title":"Schutzwand SW f\u00fcr Maschinen- und Produktionsvorrichtungen","og_title":"Schutzwand SW f\u00fcr Maschinen- und Produktionsvorrichtungen","og_image":"","og_text":"Die Schutzwand SW bietet eine sichere L\u00f6sung f\u00fcr Maschinenvorrichtungen. Mit flexibler Platzierung und modularem Aufbau.","og_keywords":""},"_links":{"self":[{"href":"https:\/\/montech.com\/ch\/de\/wp-json\/wp\/v2\/pages\/20616","targetHints":{"allow":["GET"]}}],"collection":[{"href":"https:\/\/montech.com\/ch\/de\/wp-json\/wp\/v2\/pages"}],"about":[{"href":"https:\/\/montech.com\/ch\/de\/wp-json\/wp\/v2\/types\/page"}],"author":[{"embeddable":true,"href":"https:\/\/montech.com\/ch\/de\/wp-json\/wp\/v2\/users\/15"}],"replies":[{"embeddable":true,"href":"https:\/\/montech.com\/ch\/de\/wp-json\/wp\/v2\/comments?post=20616"}],"version-history":[{"count":12,"href":"https:\/\/montech.com\/ch\/de\/wp-json\/wp\/v2\/pages\/20616\/revisions"}],"predecessor-version":[{"id":26204,"href":"https:\/\/montech.com\/ch\/de\/wp-json\/wp\/v2\/pages\/20616\/revisions\/26204"}],"up":[{"embeddable":true,"href":"https:\/\/montech.com\/ch\/de\/wp-json\/wp\/v2\/pages\/20070"}],"wp:attachment":[{"href":"https:\/\/montech.com\/ch\/de\/wp-json\/wp\/v2\/media?parent=20616"}],"curies":[{"name":"wp","href":"https:\/\/api.w.org\/{rel}","templated":true}]}}