{"id":21233,"date":"2023-10-30T12:52:02","date_gmt":"2023-10-30T11:52:02","guid":{"rendered":"https:\/\/montech.com\/ch\/reinraum-foerderbaender\/cleanroom-conveyor-tb30-ed\/"},"modified":"2025-09-09T11:20:55","modified_gmt":"2025-09-09T09:20:55","slug":"reinraum-gurtfoerderer-tb30r-vr-1","status":"publish","type":"page","link":"https:\/\/montech.com\/ch\/de\/foerderbaender\/gurtfoerderer\/reinraum-gurtfoerderer-tb30r-vr-1\/","title":{"rendered":"Gurtf\u00f6rderer TB30R mit Kopfantrieb"},"content":{"rendered":"","protected":false},"excerpt":{"rendered":"","protected":false},"author":15,"featured_media":0,"parent":21726,"menu_order":0,"comment_status":"closed","ping_status":"closed","template":"views\/product.blade.php","meta":{"_acf_changed":false},"class_list":["post-21233","page","type-page","status-publish","hentry"],"acf":{"disable_search_index":false,"page_title":"Gurtf\u00f6rderer TB30R Kopfantrieb f\u00fcr Reinraum","og_title":"Gurtf\u00f6rderer TB30R Kopfantrieb f\u00fcr Reinraum","og_image":21286,"og_text":"Gurtf\u00f6rderer TB30R f\u00fcr Reinr\u00e4ume: FDA-zugelassen und mit modularem Design f\u00fcr einfache Montage. Fraunhofer IPA-zertifiziert f\u00fcr ISO 4. ","og_keywords":""},"_links":{"self":[{"href":"https:\/\/montech.com\/ch\/de\/wp-json\/wp\/v2\/pages\/21233","targetHints":{"allow":["GET"]}}],"collection":[{"href":"https:\/\/montech.com\/ch\/de\/wp-json\/wp\/v2\/pages"}],"about":[{"href":"https:\/\/montech.com\/ch\/de\/wp-json\/wp\/v2\/types\/page"}],"author":[{"embeddable":true,"href":"https:\/\/montech.com\/ch\/de\/wp-json\/wp\/v2\/users\/15"}],"replies":[{"embeddable":true,"href":"https:\/\/montech.com\/ch\/de\/wp-json\/wp\/v2\/comments?post=21233"}],"version-history":[{"count":39,"href":"https:\/\/montech.com\/ch\/de\/wp-json\/wp\/v2\/pages\/21233\/revisions"}],"predecessor-version":[{"id":27556,"href":"https:\/\/montech.com\/ch\/de\/wp-json\/wp\/v2\/pages\/21233\/revisions\/27556"}],"up":[{"embeddable":true,"href":"https:\/\/montech.com\/ch\/de\/wp-json\/wp\/v2\/pages\/21726"}],"wp:attachment":[{"href":"https:\/\/montech.com\/ch\/de\/wp-json\/wp\/v2\/media?parent=21233"}],"curies":[{"name":"wp","href":"https:\/\/api.w.org\/{rel}","templated":true}]}}