{"id":21235,"date":"2023-10-25T12:30:22","date_gmt":"2023-10-25T10:30:22","guid":{"rendered":"https:\/\/montech.com\/ch\/reinraum-foerderbaender\/cleanroom-conveyor-tb30-cd\/"},"modified":"2026-05-01T10:54:32","modified_gmt":"2026-05-01T08:54:32","slug":"reinraum-gurtfoerderer-tb30r-mr","status":"publish","type":"page","link":"https:\/\/montech.com\/ch\/de\/foerderbaender\/gurtfoerderer\/reinraum-gurtfoerderer-tb30r-mr\/","title":{"rendered":"Reinraum-F\u00f6rderband TB30R mit Mittenantrieb"},"content":{"rendered":"","protected":false},"excerpt":{"rendered":"","protected":false},"author":15,"featured_media":0,"parent":21726,"menu_order":0,"comment_status":"closed","ping_status":"closed","template":"views\/product.blade.php","meta":{"_acf_changed":false},"class_list":["post-21235","page","type-page","status-publish","hentry"],"acf":{"disable_search_index":false,"page_title":"Reinraum-F\u00f6rderband TB30R Mittenantrieb f\u00fcr Reinraum","og_title":"Reinraum-F\u00f6rderband TB30R Mittenantrieb f\u00fcr Reinraum","og_image":26742,"og_text":"Gurtf\u00f6rderer TB30R f\u00fcr Reinr\u00e4ume: FDA-zugelassen und dank modularem Design einfach zu montieren. Fraunhofer IPA-zertifiziert f\u00fcr ISO 5 und ISO 6.","og_keywords":""},"_links":{"self":[{"href":"https:\/\/montech.com\/ch\/de\/wp-json\/wp\/v2\/pages\/21235","targetHints":{"allow":["GET"]}}],"collection":[{"href":"https:\/\/montech.com\/ch\/de\/wp-json\/wp\/v2\/pages"}],"about":[{"href":"https:\/\/montech.com\/ch\/de\/wp-json\/wp\/v2\/types\/page"}],"author":[{"embeddable":true,"href":"https:\/\/montech.com\/ch\/de\/wp-json\/wp\/v2\/users\/15"}],"replies":[{"embeddable":true,"href":"https:\/\/montech.com\/ch\/de\/wp-json\/wp\/v2\/comments?post=21235"}],"version-history":[{"count":68,"href":"https:\/\/montech.com\/ch\/de\/wp-json\/wp\/v2\/pages\/21235\/revisions"}],"predecessor-version":[{"id":29292,"href":"https:\/\/montech.com\/ch\/de\/wp-json\/wp\/v2\/pages\/21235\/revisions\/29292"}],"up":[{"embeddable":true,"href":"https:\/\/montech.com\/ch\/de\/wp-json\/wp\/v2\/pages\/21726"}],"wp:attachment":[{"href":"https:\/\/montech.com\/ch\/de\/wp-json\/wp\/v2\/media?parent=21235"}],"curies":[{"name":"wp","href":"https:\/\/api.w.org\/{rel}","templated":true}]}}