{"id":21726,"date":"2024-01-08T22:14:43","date_gmt":"2024-01-08T21:14:43","guid":{"rendered":"https:\/\/montech.com\/ch\/?page_id=21726"},"modified":"2026-04-13T17:21:43","modified_gmt":"2026-04-13T15:21:43","slug":"gurtfoerderer","status":"publish","type":"page","link":"https:\/\/montech.com\/ch\/de\/foerderbaender\/gurtfoerderer\/","title":{"rendered":"Reinraum-F\u00f6rderb\u00e4nder"},"content":{"rendered":"","protected":false},"excerpt":{"rendered":"","protected":false},"author":15,"featured_media":0,"parent":18557,"menu_order":1,"comment_status":"closed","ping_status":"closed","template":"views\/products.blade.php","meta":{"_acf_changed":false},"class_list":["post-21726","page","type-page","status-publish","hentry"],"acf":{"disable_search_index":false,"page_title":"Reinraum-F\u00f6rderb\u00e4nder: Produktionsprozesse im Reinraum","og_title":"Reinraum-F\u00f6rderb\u00e4nder: Produktionsprozesse im Reinraum","og_image":21608,"og_text":"F\u00f6rderb\u00e4nder f\u00fcr den Reinraum vom Fraunhofer Institut gepr\u00fcft und zertifiziert.","og_keywords":""},"_links":{"self":[{"href":"https:\/\/montech.com\/ch\/de\/wp-json\/wp\/v2\/pages\/21726","targetHints":{"allow":["GET"]}}],"collection":[{"href":"https:\/\/montech.com\/ch\/de\/wp-json\/wp\/v2\/pages"}],"about":[{"href":"https:\/\/montech.com\/ch\/de\/wp-json\/wp\/v2\/types\/page"}],"author":[{"embeddable":true,"href":"https:\/\/montech.com\/ch\/de\/wp-json\/wp\/v2\/users\/15"}],"replies":[{"embeddable":true,"href":"https:\/\/montech.com\/ch\/de\/wp-json\/wp\/v2\/comments?post=21726"}],"version-history":[{"count":56,"href":"https:\/\/montech.com\/ch\/de\/wp-json\/wp\/v2\/pages\/21726\/revisions"}],"predecessor-version":[{"id":29223,"href":"https:\/\/montech.com\/ch\/de\/wp-json\/wp\/v2\/pages\/21726\/revisions\/29223"}],"up":[{"embeddable":true,"href":"https:\/\/montech.com\/ch\/de\/wp-json\/wp\/v2\/pages\/18557"}],"wp:attachment":[{"href":"https:\/\/montech.com\/ch\/de\/wp-json\/wp\/v2\/media?parent=21726"}],"curies":[{"name":"wp","href":"https:\/\/api.w.org\/{rel}","templated":true}]}}