{"id":21744,"date":"2024-01-08T22:36:34","date_gmt":"2024-01-08T21:36:34","guid":{"rendered":"https:\/\/montech.com\/ch\/?page_id=21744"},"modified":"2026-04-13T17:22:20","modified_gmt":"2026-04-13T15:22:20","slug":"reinraum-gurtfoerderer-tb30r-vr","status":"publish","type":"page","link":"https:\/\/montech.com\/ch\/de\/foerderbaender\/gurtfoerderer\/reinraum-gurtfoerderer-tb30r-vr\/","title":{"rendered":"Reinraum-F\u00f6rderband TB30R mit Kopfantrieb"},"content":{"rendered":"","protected":false},"excerpt":{"rendered":"","protected":false},"author":15,"featured_media":0,"parent":21726,"menu_order":0,"comment_status":"closed","ping_status":"closed","template":"views\/product.blade.php","meta":{"_acf_changed":false},"class_list":["post-21744","page","type-page","status-publish","hentry"],"acf":{"disable_search_index":false,"page_title":"Reinraum-F\u00f6rderband TB30R mit Kopfantrieb","og_title":"Reinraum-F\u00f6rderband TB30R mit Kopfantrieb","og_image":26753,"og_text":"Die modulare Bauweise des Reinraum-F\u00f6rderbands TB30R mit Kopfantrieb erlaubt eine ma\u00dfgeschneiderte Zusammenstellung","og_keywords":""},"_links":{"self":[{"href":"https:\/\/montech.com\/ch\/de\/wp-json\/wp\/v2\/pages\/21744","targetHints":{"allow":["GET"]}}],"collection":[{"href":"https:\/\/montech.com\/ch\/de\/wp-json\/wp\/v2\/pages"}],"about":[{"href":"https:\/\/montech.com\/ch\/de\/wp-json\/wp\/v2\/types\/page"}],"author":[{"embeddable":true,"href":"https:\/\/montech.com\/ch\/de\/wp-json\/wp\/v2\/users\/15"}],"replies":[{"embeddable":true,"href":"https:\/\/montech.com\/ch\/de\/wp-json\/wp\/v2\/comments?post=21744"}],"version-history":[{"count":28,"href":"https:\/\/montech.com\/ch\/de\/wp-json\/wp\/v2\/pages\/21744\/revisions"}],"predecessor-version":[{"id":29224,"href":"https:\/\/montech.com\/ch\/de\/wp-json\/wp\/v2\/pages\/21744\/revisions\/29224"}],"up":[{"embeddable":true,"href":"https:\/\/montech.com\/ch\/de\/wp-json\/wp\/v2\/pages\/21726"}],"wp:attachment":[{"href":"https:\/\/montech.com\/ch\/de\/wp-json\/wp\/v2\/media?parent=21744"}],"curies":[{"name":"wp","href":"https:\/\/api.w.org\/{rel}","templated":true}]}}