{"id":22142,"date":"2024-02-27T11:16:15","date_gmt":"2024-02-27T10:16:15","guid":{"rendered":"https:\/\/montech.com\/ch\/?page_id=22142"},"modified":"2025-03-19T09:31:12","modified_gmt":"2025-03-19T08:31:12","slug":"spezial-transportbaender-soltb","status":"publish","type":"page","link":"https:\/\/montech.com\/ch\/de\/foerderbaender\/spezial-transportbaender-soltb\/","title":{"rendered":"Transportb\u00e4nder SOLTB"},"content":{"rendered":"","protected":false},"excerpt":{"rendered":"","protected":false},"author":15,"featured_media":0,"parent":18557,"menu_order":0,"comment_status":"closed","ping_status":"closed","template":"views\/products.blade.php","meta":{"_acf_changed":false},"class_list":["post-22142","page","type-page","status-publish","hentry"],"acf":{"disable_search_index":false,"page_title":"Transportb\u00e4nder SOLTB f\u00fcr Brennstoffzellen, Solarzellen","og_title":"Transportb\u00e4nder SOLTB f\u00fcr Brennstoffzellen, Solarzellen","og_image":22723,"og_text":"Ideal f\u00fcr Brennstoffzellen, Batteriezellen und empfindliche Produkte. Optimieren Sie Ihre Prozesse mit unseren hochwertigen L\u00f6sungen.","og_keywords":""},"_links":{"self":[{"href":"https:\/\/montech.com\/ch\/de\/wp-json\/wp\/v2\/pages\/22142","targetHints":{"allow":["GET"]}}],"collection":[{"href":"https:\/\/montech.com\/ch\/de\/wp-json\/wp\/v2\/pages"}],"about":[{"href":"https:\/\/montech.com\/ch\/de\/wp-json\/wp\/v2\/types\/page"}],"author":[{"embeddable":true,"href":"https:\/\/montech.com\/ch\/de\/wp-json\/wp\/v2\/users\/15"}],"replies":[{"embeddable":true,"href":"https:\/\/montech.com\/ch\/de\/wp-json\/wp\/v2\/comments?post=22142"}],"version-history":[{"count":96,"href":"https:\/\/montech.com\/ch\/de\/wp-json\/wp\/v2\/pages\/22142\/revisions"}],"predecessor-version":[{"id":25965,"href":"https:\/\/montech.com\/ch\/de\/wp-json\/wp\/v2\/pages\/22142\/revisions\/25965"}],"up":[{"embeddable":true,"href":"https:\/\/montech.com\/ch\/de\/wp-json\/wp\/v2\/pages\/18557"}],"wp:attachment":[{"href":"https:\/\/montech.com\/ch\/de\/wp-json\/wp\/v2\/media?parent=22142"}],"curies":[{"name":"wp","href":"https:\/\/api.w.org\/{rel}","templated":true}]}}