{"id":22388,"date":"2024-03-20T14:02:06","date_gmt":"2024-03-20T13:02:06","guid":{"rendered":"https:\/\/montech.com\/ch\/?page_id=22388"},"modified":"2024-12-16T08:54:28","modified_gmt":"2024-12-16T07:54:28","slug":"ersatzteile-foerderband-tb-btb","status":"publish","type":"page","link":"https:\/\/montech.com\/ch\/de\/foerderbaender\/ersatzteile-foerderband-tb-btb\/","title":{"rendered":"Ersatzteile F\u00f6rderband TB\/BTB"},"content":{"rendered":"","protected":false},"excerpt":{"rendered":"","protected":false},"author":1,"featured_media":0,"parent":18557,"menu_order":4,"comment_status":"closed","ping_status":"closed","template":"views\/product.blade.php","meta":{"_acf_changed":false},"class_list":["post-22388","page","type-page","status-publish","hentry"],"acf":{"disable_search_index":false,"page_title":"Ersatzteile f\u00fcr F\u00f6rderb\u00e4nder TB\/BTB","og_title":"Ersatzteile f\u00fcr F\u00f6rderb\u00e4nder TB\/BTB","og_image":22433,"og_text":"Sichern Sie die Langlebigkeit Ihrer TB- und BTB-F\u00f6rderb\u00e4nder mit unserer garantierten Versorgung von Verschlei\u00df- und Ersatzteilen.","og_keywords":""},"_links":{"self":[{"href":"https:\/\/montech.com\/ch\/de\/wp-json\/wp\/v2\/pages\/22388","targetHints":{"allow":["GET"]}}],"collection":[{"href":"https:\/\/montech.com\/ch\/de\/wp-json\/wp\/v2\/pages"}],"about":[{"href":"https:\/\/montech.com\/ch\/de\/wp-json\/wp\/v2\/types\/page"}],"author":[{"embeddable":true,"href":"https:\/\/montech.com\/ch\/de\/wp-json\/wp\/v2\/users\/1"}],"replies":[{"embeddable":true,"href":"https:\/\/montech.com\/ch\/de\/wp-json\/wp\/v2\/comments?post=22388"}],"version-history":[{"count":24,"href":"https:\/\/montech.com\/ch\/de\/wp-json\/wp\/v2\/pages\/22388\/revisions"}],"predecessor-version":[{"id":24795,"href":"https:\/\/montech.com\/ch\/de\/wp-json\/wp\/v2\/pages\/22388\/revisions\/24795"}],"up":[{"embeddable":true,"href":"https:\/\/montech.com\/ch\/de\/wp-json\/wp\/v2\/pages\/18557"}],"wp:attachment":[{"href":"https:\/\/montech.com\/ch\/de\/wp-json\/wp\/v2\/media?parent=22388"}],"curies":[{"name":"wp","href":"https:\/\/api.w.org\/{rel}","templated":true}]}}