{"id":22402,"date":"2024-03-25T11:30:13","date_gmt":"2024-03-25T10:30:13","guid":{"rendered":"https:\/\/montech.com\/ch\/?page_id=22402"},"modified":"2025-03-19T09:29:01","modified_gmt":"2025-03-19T08:29:01","slug":"transfersysteme-soltb","status":"publish","type":"page","link":"https:\/\/montech.com\/ch\/de\/transfersysteme\/transfersysteme-soltb\/","title":{"rendered":"Transfersysteme SOLTB"},"content":{"rendered":"","protected":false},"excerpt":{"rendered":"","protected":false},"author":15,"featured_media":0,"parent":19205,"menu_order":0,"comment_status":"closed","ping_status":"closed","template":"views\/products.blade.php","meta":{"_acf_changed":false},"class_list":["post-22402","page","type-page","status-publish","hentry"],"acf":{"disable_search_index":false,"page_title":"Transfersysteme SOLTB f\u00fcr flache Produkte ","og_title":"Transfersysteme SOLTB f\u00fcr flache Produkte ","og_image":22404,"og_text":"Erfahren Sie mehr \u00fcber Montechs Tranfersysteme f\u00fcr flache Objekte wie Photovoltaikwafer, Brennstoffzellen, Papier und Karton.","og_keywords":""},"_links":{"self":[{"href":"https:\/\/montech.com\/ch\/de\/wp-json\/wp\/v2\/pages\/22402","targetHints":{"allow":["GET"]}}],"collection":[{"href":"https:\/\/montech.com\/ch\/de\/wp-json\/wp\/v2\/pages"}],"about":[{"href":"https:\/\/montech.com\/ch\/de\/wp-json\/wp\/v2\/types\/page"}],"author":[{"embeddable":true,"href":"https:\/\/montech.com\/ch\/de\/wp-json\/wp\/v2\/users\/15"}],"replies":[{"embeddable":true,"href":"https:\/\/montech.com\/ch\/de\/wp-json\/wp\/v2\/comments?post=22402"}],"version-history":[{"count":38,"href":"https:\/\/montech.com\/ch\/de\/wp-json\/wp\/v2\/pages\/22402\/revisions"}],"predecessor-version":[{"id":25964,"href":"https:\/\/montech.com\/ch\/de\/wp-json\/wp\/v2\/pages\/22402\/revisions\/25964"}],"up":[{"embeddable":true,"href":"https:\/\/montech.com\/ch\/de\/wp-json\/wp\/v2\/pages\/19205"}],"wp:attachment":[{"href":"https:\/\/montech.com\/ch\/de\/wp-json\/wp\/v2\/media?parent=22402"}],"curies":[{"name":"wp","href":"https:\/\/api.w.org\/{rel}","templated":true}]}}