{"id":23256,"date":"2024-06-24T11:41:11","date_gmt":"2024-06-24T09:41:11","guid":{"rendered":"https:\/\/montech.com\/ch\/?page_id=23256"},"modified":"2026-01-28T13:42:30","modified_gmt":"2026-01-28T12:42:30","slug":"entladetransportband","status":"publish","type":"page","link":"https:\/\/montech.com\/ch\/de\/transfersysteme\/transfersysteme-soltb\/entladetransportband\/","title":{"rendered":"Entladetransportband SOLTB-E"},"content":{"rendered":"","protected":false},"excerpt":{"rendered":"","protected":false},"author":15,"featured_media":0,"parent":22402,"menu_order":0,"comment_status":"closed","ping_status":"closed","template":"views\/product.blade.php","meta":{"_acf_changed":false},"class_list":["post-23256","page","type-page","status-publish","hentry"],"acf":{"disable_search_index":false,"page_title":"Entladetransportband SOLTB-E","og_title":"Entladetransportband SOLTB-E","og_image":"","og_text":"Das Entladetransportband ist ein hoch effizientes Doppelgurt-F\u00f6rderband, das speziell f\u00fcr pr\u00e4zises Handling konzipiert ist.","og_keywords":""},"_links":{"self":[{"href":"https:\/\/montech.com\/ch\/de\/wp-json\/wp\/v2\/pages\/23256","targetHints":{"allow":["GET"]}}],"collection":[{"href":"https:\/\/montech.com\/ch\/de\/wp-json\/wp\/v2\/pages"}],"about":[{"href":"https:\/\/montech.com\/ch\/de\/wp-json\/wp\/v2\/types\/page"}],"author":[{"embeddable":true,"href":"https:\/\/montech.com\/ch\/de\/wp-json\/wp\/v2\/users\/15"}],"replies":[{"embeddable":true,"href":"https:\/\/montech.com\/ch\/de\/wp-json\/wp\/v2\/comments?post=23256"}],"version-history":[{"count":12,"href":"https:\/\/montech.com\/ch\/de\/wp-json\/wp\/v2\/pages\/23256\/revisions"}],"predecessor-version":[{"id":24977,"href":"https:\/\/montech.com\/ch\/de\/wp-json\/wp\/v2\/pages\/23256\/revisions\/24977"}],"up":[{"embeddable":true,"href":"https:\/\/montech.com\/ch\/de\/wp-json\/wp\/v2\/pages\/22402"}],"wp:attachment":[{"href":"https:\/\/montech.com\/ch\/de\/wp-json\/wp\/v2\/media?parent=23256"}],"curies":[{"name":"wp","href":"https:\/\/api.w.org\/{rel}","templated":true}]}}