{"id":23260,"date":"2024-06-24T11:48:22","date_gmt":"2024-06-24T09:48:22","guid":{"rendered":"https:\/\/montech.com\/ch\/?page_id=23260"},"modified":"2026-02-03T06:06:21","modified_gmt":"2026-02-03T05:06:21","slug":"kurz-transportband","status":"publish","type":"page","link":"https:\/\/montech.com\/ch\/de\/transfersysteme\/transfersysteme-soltb\/kurz-transportband\/","title":{"rendered":"Kurz-Transportband SOLTB-K"},"content":{"rendered":"","protected":false},"excerpt":{"rendered":"","protected":false},"author":15,"featured_media":0,"parent":22402,"menu_order":0,"comment_status":"closed","ping_status":"closed","template":"views\/product.blade.php","meta":{"_acf_changed":false},"class_list":["post-23260","page","type-page","status-publish","hentry"],"acf":{"disable_search_index":false,"page_title":"Kurz-Transportband SOLTB-K","og_title":"Kurz-Transportband SOLTB-K","og_image":"","og_text":"Das Kurz-Transportband SOLTB-K ist speziell f\u00fcr die \u00dcberpr\u00fcfung der Kanten von Wafern oder \u00e4hnlichen Produkten konzipiert.","og_keywords":""},"_links":{"self":[{"href":"https:\/\/montech.com\/ch\/de\/wp-json\/wp\/v2\/pages\/23260","targetHints":{"allow":["GET"]}}],"collection":[{"href":"https:\/\/montech.com\/ch\/de\/wp-json\/wp\/v2\/pages"}],"about":[{"href":"https:\/\/montech.com\/ch\/de\/wp-json\/wp\/v2\/types\/page"}],"author":[{"embeddable":true,"href":"https:\/\/montech.com\/ch\/de\/wp-json\/wp\/v2\/users\/15"}],"replies":[{"embeddable":true,"href":"https:\/\/montech.com\/ch\/de\/wp-json\/wp\/v2\/comments?post=23260"}],"version-history":[{"count":11,"href":"https:\/\/montech.com\/ch\/de\/wp-json\/wp\/v2\/pages\/23260\/revisions"}],"predecessor-version":[{"id":24976,"href":"https:\/\/montech.com\/ch\/de\/wp-json\/wp\/v2\/pages\/23260\/revisions\/24976"}],"up":[{"embeddable":true,"href":"https:\/\/montech.com\/ch\/de\/wp-json\/wp\/v2\/pages\/22402"}],"wp:attachment":[{"href":"https:\/\/montech.com\/ch\/de\/wp-json\/wp\/v2\/media?parent=23260"}],"curies":[{"name":"wp","href":"https:\/\/api.w.org\/{rel}","templated":true}]}}