{"id":23268,"date":"2024-06-24T13:28:10","date_gmt":"2024-06-24T11:28:10","guid":{"rendered":"https:\/\/montech.com\/ch\/?page_id=23268"},"modified":"2026-01-28T13:51:44","modified_gmt":"2026-01-28T12:51:44","slug":"wendemodul","status":"publish","type":"page","link":"https:\/\/montech.com\/ch\/de\/transfersysteme\/transfersysteme-soltb\/wendemodul\/","title":{"rendered":"Wendemodul SOLTB-W"},"content":{"rendered":"","protected":false},"excerpt":{"rendered":"","protected":false},"author":15,"featured_media":0,"parent":22402,"menu_order":0,"comment_status":"closed","ping_status":"closed","template":"views\/product.blade.php","meta":{"_acf_changed":false},"class_list":["post-23268","page","type-page","status-publish","hentry"],"acf":{"disable_search_index":false,"page_title":"Wendemodul SOLTB-W","og_title":"Wendemodul SOLTB-W","og_image":"","og_text":"Das Wendemodul SOLTB-W ist eine hochspezialisierte L\u00f6sung f\u00fcr das Wenden von Werkst\u00fccken wie Wafern oder Displays innerhalb der Transportachse.","og_keywords":""},"_links":{"self":[{"href":"https:\/\/montech.com\/ch\/de\/wp-json\/wp\/v2\/pages\/23268","targetHints":{"allow":["GET"]}}],"collection":[{"href":"https:\/\/montech.com\/ch\/de\/wp-json\/wp\/v2\/pages"}],"about":[{"href":"https:\/\/montech.com\/ch\/de\/wp-json\/wp\/v2\/types\/page"}],"author":[{"embeddable":true,"href":"https:\/\/montech.com\/ch\/de\/wp-json\/wp\/v2\/users\/15"}],"replies":[{"embeddable":true,"href":"https:\/\/montech.com\/ch\/de\/wp-json\/wp\/v2\/comments?post=23268"}],"version-history":[{"count":9,"href":"https:\/\/montech.com\/ch\/de\/wp-json\/wp\/v2\/pages\/23268\/revisions"}],"predecessor-version":[{"id":24979,"href":"https:\/\/montech.com\/ch\/de\/wp-json\/wp\/v2\/pages\/23268\/revisions\/24979"}],"up":[{"embeddable":true,"href":"https:\/\/montech.com\/ch\/de\/wp-json\/wp\/v2\/pages\/22402"}],"wp:attachment":[{"href":"https:\/\/montech.com\/ch\/de\/wp-json\/wp\/v2\/media?parent=23268"}],"curies":[{"name":"wp","href":"https:\/\/api.w.org\/{rel}","templated":true}]}}