{"id":23880,"date":"2024-09-02T09:40:21","date_gmt":"2024-09-02T07:40:21","guid":{"rendered":"https:\/\/montech.com\/ch\/?page_id=23880"},"modified":"2024-09-11T13:43:35","modified_gmt":"2024-09-11T11:43:35","slug":"videos","status":"publish","type":"page","link":"https:\/\/montech.com\/ch\/de\/videos\/","title":{"rendered":"Videos"},"content":{"rendered":"","protected":false},"excerpt":{"rendered":"","protected":false},"author":15,"featured_media":0,"parent":0,"menu_order":0,"comment_status":"closed","ping_status":"closed","template":"views\/company.blade.php","meta":{"_acf_changed":false},"class_list":["post-23880","page","type-page","status-publish","hentry"],"acf":{"disable_search_index":false,"page_title":"Innovative L\u00f6sungen f\u00fcr fortschrittliche Automatisierung","og_title":"Innovative L\u00f6sungen f\u00fcr fortschrittliche Automatisierung","og_image":"","og_text":"Entdecken Sie unsere innovativen F\u00f6rdertechnik-L\u00f6sungen.","og_keywords":""},"_links":{"self":[{"href":"https:\/\/montech.com\/ch\/de\/wp-json\/wp\/v2\/pages\/23880","targetHints":{"allow":["GET"]}}],"collection":[{"href":"https:\/\/montech.com\/ch\/de\/wp-json\/wp\/v2\/pages"}],"about":[{"href":"https:\/\/montech.com\/ch\/de\/wp-json\/wp\/v2\/types\/page"}],"author":[{"embeddable":true,"href":"https:\/\/montech.com\/ch\/de\/wp-json\/wp\/v2\/users\/15"}],"replies":[{"embeddable":true,"href":"https:\/\/montech.com\/ch\/de\/wp-json\/wp\/v2\/comments?post=23880"}],"version-history":[{"count":14,"href":"https:\/\/montech.com\/ch\/de\/wp-json\/wp\/v2\/pages\/23880\/revisions"}],"predecessor-version":[{"id":23936,"href":"https:\/\/montech.com\/ch\/de\/wp-json\/wp\/v2\/pages\/23880\/revisions\/23936"}],"wp:attachment":[{"href":"https:\/\/montech.com\/ch\/de\/wp-json\/wp\/v2\/media?parent=23880"}],"curies":[{"name":"wp","href":"https:\/\/api.w.org\/{rel}","templated":true}]}}