{"id":24118,"date":"2024-10-08T13:44:43","date_gmt":"2024-10-08T11:44:43","guid":{"rendered":"https:\/\/montech.com\/ch\/?page_id=24118"},"modified":"2025-06-20T07:39:44","modified_gmt":"2025-06-20T05:39:44","slug":"transfersysteme-video","status":"publish","type":"page","link":"https:\/\/montech.com\/ch\/de\/transfersysteme-video\/","title":{"rendered":"Transfersysteme Video"},"content":{"rendered":"","protected":false},"excerpt":{"rendered":"","protected":false},"author":15,"featured_media":0,"parent":0,"menu_order":0,"comment_status":"closed","ping_status":"closed","template":"views\/products.blade.php","meta":{"_acf_changed":false},"class_list":["post-24118","page","type-page","status-publish","hentry"],"acf":{"disable_search_index":false,"page_title":"Transfersysteme Video","og_title":"Transfersysteme Video","og_image":24145,"og_text":"Entdecken Sie, wie die innovativen F\u00f6rderb\u00e4nder von Montech die Produktion optimieren, Ausfallzeiten reduzieren und ma\u00dfgeschneiderte L\u00f6sungen f\u00fcr Ihre Branchenbed\u00fcrfnisse bieten k\u00f6nnen.","og_keywords":""},"_links":{"self":[{"href":"https:\/\/montech.com\/ch\/de\/wp-json\/wp\/v2\/pages\/24118","targetHints":{"allow":["GET"]}}],"collection":[{"href":"https:\/\/montech.com\/ch\/de\/wp-json\/wp\/v2\/pages"}],"about":[{"href":"https:\/\/montech.com\/ch\/de\/wp-json\/wp\/v2\/types\/page"}],"author":[{"embeddable":true,"href":"https:\/\/montech.com\/ch\/de\/wp-json\/wp\/v2\/users\/15"}],"replies":[{"embeddable":true,"href":"https:\/\/montech.com\/ch\/de\/wp-json\/wp\/v2\/comments?post=24118"}],"version-history":[{"count":13,"href":"https:\/\/montech.com\/ch\/de\/wp-json\/wp\/v2\/pages\/24118\/revisions"}],"predecessor-version":[{"id":26706,"href":"https:\/\/montech.com\/ch\/de\/wp-json\/wp\/v2\/pages\/24118\/revisions\/26706"}],"wp:attachment":[{"href":"https:\/\/montech.com\/ch\/de\/wp-json\/wp\/v2\/media?parent=24118"}],"curies":[{"name":"wp","href":"https:\/\/api.w.org\/{rel}","templated":true}]}}