{"id":24274,"date":"2024-11-08T08:07:39","date_gmt":"2024-11-08T07:07:39","guid":{"rendered":"https:\/\/montech.com\/ch\/?page_id=24274"},"modified":"2025-07-24T14:16:57","modified_gmt":"2025-07-24T12:16:57","slug":"download-center","status":"publish","type":"page","link":"https:\/\/montech.com\/ch\/de\/download-center\/","title":{"rendered":"Download center"},"content":{"rendered":"","protected":false},"excerpt":{"rendered":"","protected":false},"author":15,"featured_media":0,"parent":0,"menu_order":0,"comment_status":"closed","ping_status":"closed","template":"views\/template-mediacenter.blade.php","meta":{"_acf_changed":false},"class_list":["post-24274","page","type-page","status-publish","hentry"],"acf":{"disable_search_index":false,"page_title":"Download Center f\u00fcr Montech Produkte","og_title":"Download Center f\u00fcr Montech Produkte","og_image":24060,"og_text":"Handb\u00fccher, technische Daten und Brosch\u00fcren zu F\u00f6rderb\u00e4ndern, Transfersystemen und Aluprofilen \u2013 alle Montech Dokumente kompakt im Download Center.\r\n\r\n","og_keywords":""},"_links":{"self":[{"href":"https:\/\/montech.com\/ch\/de\/wp-json\/wp\/v2\/pages\/24274","targetHints":{"allow":["GET"]}}],"collection":[{"href":"https:\/\/montech.com\/ch\/de\/wp-json\/wp\/v2\/pages"}],"about":[{"href":"https:\/\/montech.com\/ch\/de\/wp-json\/wp\/v2\/types\/page"}],"author":[{"embeddable":true,"href":"https:\/\/montech.com\/ch\/de\/wp-json\/wp\/v2\/users\/15"}],"replies":[{"embeddable":true,"href":"https:\/\/montech.com\/ch\/de\/wp-json\/wp\/v2\/comments?post=24274"}],"version-history":[{"count":10,"href":"https:\/\/montech.com\/ch\/de\/wp-json\/wp\/v2\/pages\/24274\/revisions"}],"predecessor-version":[{"id":27137,"href":"https:\/\/montech.com\/ch\/de\/wp-json\/wp\/v2\/pages\/24274\/revisions\/27137"}],"wp:attachment":[{"href":"https:\/\/montech.com\/ch\/de\/wp-json\/wp\/v2\/media?parent=24274"}],"curies":[{"name":"wp","href":"https:\/\/api.w.org\/{rel}","templated":true}]}}