{"id":24934,"date":"2025-01-06T11:28:55","date_gmt":"2025-01-06T10:28:55","guid":{"rendered":"https:\/\/montech.com\/ch\/?page_id=24934"},"modified":"2026-03-04T16:43:31","modified_gmt":"2026-03-04T15:43:31","slug":"transportband-tb","status":"publish","type":"page","link":"https:\/\/montech.com\/ch\/de\/foerderbaender\/transportband-tb\/","title":{"rendered":"Transportband TB"},"content":{"rendered":"","protected":false},"excerpt":{"rendered":"","protected":false},"author":15,"featured_media":0,"parent":18557,"menu_order":0,"comment_status":"closed","ping_status":"closed","template":"views\/product.blade.php","meta":{"_acf_changed":false},"class_list":["post-24934","page","type-page","status-publish","hentry"],"acf":{"disable_search_index":false,"page_title":"Transportband TB","og_title":"Transportband TB","og_image":444,"og_text":"Montech TB Transportb\u00e4nder: modular, vielseitig und ideal f\u00fcr kundenspezifische L\u00f6sungen. Mit Tandem-Option f\u00fcr gr\u00f6\u00dfere Paletten. Jetzt auf das Nachfolgemodell TB30 umsteigen!","og_keywords":""},"_links":{"self":[{"href":"https:\/\/montech.com\/ch\/de\/wp-json\/wp\/v2\/pages\/24934","targetHints":{"allow":["GET"]}}],"collection":[{"href":"https:\/\/montech.com\/ch\/de\/wp-json\/wp\/v2\/pages"}],"about":[{"href":"https:\/\/montech.com\/ch\/de\/wp-json\/wp\/v2\/types\/page"}],"author":[{"embeddable":true,"href":"https:\/\/montech.com\/ch\/de\/wp-json\/wp\/v2\/users\/15"}],"replies":[{"embeddable":true,"href":"https:\/\/montech.com\/ch\/de\/wp-json\/wp\/v2\/comments?post=24934"}],"version-history":[{"count":4,"href":"https:\/\/montech.com\/ch\/de\/wp-json\/wp\/v2\/pages\/24934\/revisions"}],"predecessor-version":[{"id":28996,"href":"https:\/\/montech.com\/ch\/de\/wp-json\/wp\/v2\/pages\/24934\/revisions\/28996"}],"up":[{"embeddable":true,"href":"https:\/\/montech.com\/ch\/de\/wp-json\/wp\/v2\/pages\/18557"}],"wp:attachment":[{"href":"https:\/\/montech.com\/ch\/de\/wp-json\/wp\/v2\/media?parent=24934"}],"curies":[{"name":"wp","href":"https:\/\/api.w.org\/{rel}","templated":true}]}}