{"id":25101,"date":"2024-08-05T11:29:29","date_gmt":"2024-08-05T09:29:29","guid":{"rendered":"https:\/\/montech.com\/ch\/loesungen-foerderbaender-transportsysteme\/montech-conveyors-tailored-solutions-for-the-packaging-industry\/"},"modified":"2026-01-14T13:18:35","modified_gmt":"2026-01-14T12:18:35","slug":"verpackungsindustrie","status":"publish","type":"page","link":"https:\/\/montech.com\/ch\/de\/industrieloesungen\/verpackungsindustrie\/","title":{"rendered":"F\u00f6rdersysteme f\u00fcr die Verpackungsindustrie"},"content":{"rendered":"","protected":false},"excerpt":{"rendered":"","protected":false},"author":15,"featured_media":0,"parent":25438,"menu_order":0,"comment_status":"closed","ping_status":"closed","template":"views\/products.blade.php","meta":{"_acf_changed":false},"class_list":["post-25101","page","type-page","status-publish","hentry"],"acf":{"disable_search_index":false,"page_title":"F\u00f6rdersysteme f\u00fcr die Verpackungsindustrie | Montech","og_title":"F\u00f6rdersysteme f\u00fcr die Verpackungsindustrie | Montech","og_image":25028,"og_text":"Modulare F\u00f6rdertechnik f\u00fcr Verpackung, Etikettierung und Sortierung. F\u00f6rderb\u00e4nder sichern pr\u00e4zise Abl\u00e4ufe und steigern die Effizienz Ihrer Produktion.","og_keywords":""},"_links":{"self":[{"href":"https:\/\/montech.com\/ch\/de\/wp-json\/wp\/v2\/pages\/25101","targetHints":{"allow":["GET"]}}],"collection":[{"href":"https:\/\/montech.com\/ch\/de\/wp-json\/wp\/v2\/pages"}],"about":[{"href":"https:\/\/montech.com\/ch\/de\/wp-json\/wp\/v2\/types\/page"}],"author":[{"embeddable":true,"href":"https:\/\/montech.com\/ch\/de\/wp-json\/wp\/v2\/users\/15"}],"replies":[{"embeddable":true,"href":"https:\/\/montech.com\/ch\/de\/wp-json\/wp\/v2\/comments?post=25101"}],"version-history":[{"count":9,"href":"https:\/\/montech.com\/ch\/de\/wp-json\/wp\/v2\/pages\/25101\/revisions"}],"predecessor-version":[{"id":27480,"href":"https:\/\/montech.com\/ch\/de\/wp-json\/wp\/v2\/pages\/25101\/revisions\/27480"}],"up":[{"embeddable":true,"href":"https:\/\/montech.com\/ch\/de\/wp-json\/wp\/v2\/pages\/25438"}],"wp:attachment":[{"href":"https:\/\/montech.com\/ch\/de\/wp-json\/wp\/v2\/media?parent=25101"}],"curies":[{"name":"wp","href":"https:\/\/api.w.org\/{rel}","templated":true}]}}