{"id":25112,"date":"2025-01-30T14:17:53","date_gmt":"2025-01-30T13:17:53","guid":{"rendered":"https:\/\/montech.com\/ch\/?page_id=25112"},"modified":"2026-01-14T13:15:02","modified_gmt":"2026-01-14T12:15:02","slug":"pharmaindustrie","status":"publish","type":"page","link":"https:\/\/montech.com\/ch\/de\/industrieloesungen\/pharmaindustrie\/","title":{"rendered":"F\u00f6rdersysteme f\u00fcr die Pharmaindustrie"},"content":{"rendered":"","protected":false},"excerpt":{"rendered":"","protected":false},"author":15,"featured_media":0,"parent":25438,"menu_order":0,"comment_status":"closed","ping_status":"closed","template":"views\/products.blade.php","meta":{"_acf_changed":false},"class_list":["post-25112","page","type-page","status-publish","hentry"],"acf":{"disable_search_index":false,"page_title":"F\u00f6rdersysteme f\u00fcr die Pharmaindustrie | Montech","og_title":"F\u00f6rdersysteme f\u00fcr die Pharmaindustrie | Montech","og_image":23703,"og_text":"Reinraumtaugliche, ESD-sichere F\u00f6rdertechnik f\u00fcr medizinische Ger\u00e4te. Pr\u00e4ziser, vibrationsfreier Transport f\u00fcr Montage, Inspektion und Verpackung.","og_keywords":""},"_links":{"self":[{"href":"https:\/\/montech.com\/ch\/de\/wp-json\/wp\/v2\/pages\/25112","targetHints":{"allow":["GET"]}}],"collection":[{"href":"https:\/\/montech.com\/ch\/de\/wp-json\/wp\/v2\/pages"}],"about":[{"href":"https:\/\/montech.com\/ch\/de\/wp-json\/wp\/v2\/types\/page"}],"author":[{"embeddable":true,"href":"https:\/\/montech.com\/ch\/de\/wp-json\/wp\/v2\/users\/15"}],"replies":[{"embeddable":true,"href":"https:\/\/montech.com\/ch\/de\/wp-json\/wp\/v2\/comments?post=25112"}],"version-history":[{"count":14,"href":"https:\/\/montech.com\/ch\/de\/wp-json\/wp\/v2\/pages\/25112\/revisions"}],"predecessor-version":[{"id":27478,"href":"https:\/\/montech.com\/ch\/de\/wp-json\/wp\/v2\/pages\/25112\/revisions\/27478"}],"up":[{"embeddable":true,"href":"https:\/\/montech.com\/ch\/de\/wp-json\/wp\/v2\/pages\/25438"}],"wp:attachment":[{"href":"https:\/\/montech.com\/ch\/de\/wp-json\/wp\/v2\/media?parent=25112"}],"curies":[{"name":"wp","href":"https:\/\/api.w.org\/{rel}","templated":true}]}}