{"id":25166,"date":"2024-08-05T11:15:51","date_gmt":"2024-08-05T09:15:51","guid":{"rendered":"https:\/\/montech.com\/ch\/airport-industry-solutions\/"},"modified":"2026-03-26T12:33:11","modified_gmt":"2026-03-26T11:33:11","slug":"flughafenindustrie","status":"publish","type":"page","link":"https:\/\/montech.com\/ch\/de\/industrieloesungen\/flughafenindustrie\/","title":{"rendered":"F\u00f6rdersysteme f\u00fcr die Flughafenindustrie"},"content":{"rendered":"","protected":false},"excerpt":{"rendered":"","protected":false},"author":15,"featured_media":0,"parent":25438,"menu_order":0,"comment_status":"closed","ping_status":"closed","template":"views\/products.blade.php","meta":{"_acf_changed":false},"class_list":["post-25166","page","type-page","status-publish","hentry"],"acf":{"disable_search_index":false,"page_title":"F\u00f6rdersysteme f\u00fcr die Flughafenindustrie | Montech","og_title":"F\u00f6rdersysteme f\u00fcr die Flughafenindustrie | Montech","og_image":"","og_text":"Kompakte F\u00f6rdertechnik f\u00fcr Gep\u00e4ckabgabe, Security Screening und Self Check-in. Effizienter, leiser Materialfluss f\u00fcr stressfreie Abl\u00e4ufe.","og_keywords":""},"_links":{"self":[{"href":"https:\/\/montech.com\/ch\/de\/wp-json\/wp\/v2\/pages\/25166","targetHints":{"allow":["GET"]}}],"collection":[{"href":"https:\/\/montech.com\/ch\/de\/wp-json\/wp\/v2\/pages"}],"about":[{"href":"https:\/\/montech.com\/ch\/de\/wp-json\/wp\/v2\/types\/page"}],"author":[{"embeddable":true,"href":"https:\/\/montech.com\/ch\/de\/wp-json\/wp\/v2\/users\/15"}],"replies":[{"embeddable":true,"href":"https:\/\/montech.com\/ch\/de\/wp-json\/wp\/v2\/comments?post=25166"}],"version-history":[{"count":29,"href":"https:\/\/montech.com\/ch\/de\/wp-json\/wp\/v2\/pages\/25166\/revisions"}],"predecessor-version":[{"id":29054,"href":"https:\/\/montech.com\/ch\/de\/wp-json\/wp\/v2\/pages\/25166\/revisions\/29054"}],"up":[{"embeddable":true,"href":"https:\/\/montech.com\/ch\/de\/wp-json\/wp\/v2\/pages\/25438"}],"wp:attachment":[{"href":"https:\/\/montech.com\/ch\/de\/wp-json\/wp\/v2\/media?parent=25166"}],"curies":[{"name":"wp","href":"https:\/\/api.w.org\/{rel}","templated":true}]}}