{"id":25211,"date":"2025-02-06T09:09:57","date_gmt":"2025-02-06T08:09:57","guid":{"rendered":"https:\/\/montech.com\/ch\/?page_id=25211"},"modified":"2026-03-04T16:48:08","modified_gmt":"2026-03-04T15:48:08","slug":"automobilindustrie","status":"publish","type":"page","link":"https:\/\/montech.com\/ch\/de\/industrieloesungen\/automobilindustrie\/","title":{"rendered":"Automobilindustrie"},"content":{"rendered":"","protected":false},"excerpt":{"rendered":"","protected":false},"author":15,"featured_media":0,"parent":25438,"menu_order":0,"comment_status":"closed","ping_status":"closed","template":"views\/products.blade.php","meta":{"_acf_changed":false},"class_list":["post-25211","page","type-page","status-publish","hentry"],"acf":{"disable_search_index":false,"page_title":"F\u00f6rdersysteme f\u00fcr die Automobilindustrie | Montech","og_title":"F\u00f6rdersysteme f\u00fcr die Automobilindustrie | Montech","og_image":"","og_text":"Modulare F\u00f6rdertechnik f\u00fcr Karosseriebau, Montage &amp; Logistik. Montech sorgt f\u00fcr effiziente Produktionsprozesse in der Automobilindustrie.","og_keywords":""},"_links":{"self":[{"href":"https:\/\/montech.com\/ch\/de\/wp-json\/wp\/v2\/pages\/25211","targetHints":{"allow":["GET"]}}],"collection":[{"href":"https:\/\/montech.com\/ch\/de\/wp-json\/wp\/v2\/pages"}],"about":[{"href":"https:\/\/montech.com\/ch\/de\/wp-json\/wp\/v2\/types\/page"}],"author":[{"embeddable":true,"href":"https:\/\/montech.com\/ch\/de\/wp-json\/wp\/v2\/users\/15"}],"replies":[{"embeddable":true,"href":"https:\/\/montech.com\/ch\/de\/wp-json\/wp\/v2\/comments?post=25211"}],"version-history":[{"count":46,"href":"https:\/\/montech.com\/ch\/de\/wp-json\/wp\/v2\/pages\/25211\/revisions"}],"predecessor-version":[{"id":28998,"href":"https:\/\/montech.com\/ch\/de\/wp-json\/wp\/v2\/pages\/25211\/revisions\/28998"}],"up":[{"embeddable":true,"href":"https:\/\/montech.com\/ch\/de\/wp-json\/wp\/v2\/pages\/25438"}],"wp:attachment":[{"href":"https:\/\/montech.com\/ch\/de\/wp-json\/wp\/v2\/media?parent=25211"}],"curies":[{"name":"wp","href":"https:\/\/api.w.org\/{rel}","templated":true}]}}