{"id":25418,"date":"2025-02-12T14:00:14","date_gmt":"2025-02-12T13:00:14","guid":{"rendered":"https:\/\/montech.com\/ch\/solutions-for-the-plastics-industry\/"},"modified":"2026-04-01T13:08:28","modified_gmt":"2026-04-01T11:08:28","slug":"kunststoffindustrie","status":"publish","type":"page","link":"https:\/\/montech.com\/ch\/de\/industrieloesungen\/kunststoffindustrie\/","title":{"rendered":"F\u00f6rdersysteme f\u00fcr die Kunststoffindustrie"},"content":{"rendered":"","protected":false},"excerpt":{"rendered":"","protected":false},"author":15,"featured_media":0,"parent":25438,"menu_order":0,"comment_status":"closed","ping_status":"closed","template":"views\/products.blade.php","meta":{"_acf_changed":false},"class_list":["post-25418","page","type-page","status-publish","hentry"],"acf":{"disable_search_index":false,"page_title":"F\u00f6rdersysteme f\u00fcr die Kunststoffindustrie | Montech","og_title":"F\u00f6rdersysteme f\u00fcr die Kunststoffindustrie | Montech","og_image":"","og_text":"Modulare F\u00f6rdertechnik f\u00fcr Kunststoffteile, Rohstoffe und Verpackung. F\u00f6rderb\u00e4nder sorgen f\u00fcr pr\u00e4zisen Materialfluss und effiziente Produktionsprozesse.","og_keywords":""},"_links":{"self":[{"href":"https:\/\/montech.com\/ch\/de\/wp-json\/wp\/v2\/pages\/25418","targetHints":{"allow":["GET"]}}],"collection":[{"href":"https:\/\/montech.com\/ch\/de\/wp-json\/wp\/v2\/pages"}],"about":[{"href":"https:\/\/montech.com\/ch\/de\/wp-json\/wp\/v2\/types\/page"}],"author":[{"embeddable":true,"href":"https:\/\/montech.com\/ch\/de\/wp-json\/wp\/v2\/users\/15"}],"replies":[{"embeddable":true,"href":"https:\/\/montech.com\/ch\/de\/wp-json\/wp\/v2\/comments?post=25418"}],"version-history":[{"count":18,"href":"https:\/\/montech.com\/ch\/de\/wp-json\/wp\/v2\/pages\/25418\/revisions"}],"predecessor-version":[{"id":29120,"href":"https:\/\/montech.com\/ch\/de\/wp-json\/wp\/v2\/pages\/25418\/revisions\/29120"}],"up":[{"embeddable":true,"href":"https:\/\/montech.com\/ch\/de\/wp-json\/wp\/v2\/pages\/25438"}],"wp:attachment":[{"href":"https:\/\/montech.com\/ch\/de\/wp-json\/wp\/v2\/media?parent=25418"}],"curies":[{"name":"wp","href":"https:\/\/api.w.org\/{rel}","templated":true}]}}