{"id":25438,"date":"2025-02-13T11:23:36","date_gmt":"2025-02-13T10:23:36","guid":{"rendered":"https:\/\/montech.com\/ch\/?page_id=25438"},"modified":"2026-02-03T08:34:33","modified_gmt":"2026-02-03T07:34:33","slug":"industrieloesungen","status":"publish","type":"page","link":"https:\/\/montech.com\/ch\/de\/industrieloesungen\/","title":{"rendered":"Industriel\u00f6sungen"},"content":{"rendered":"","protected":false},"excerpt":{"rendered":"","protected":false},"author":15,"featured_media":0,"parent":0,"menu_order":0,"comment_status":"closed","ping_status":"closed","template":"views\/products.blade.php","meta":{"_acf_changed":false},"class_list":["post-25438","page","type-page","status-publish","hentry"],"acf":{"disable_search_index":false,"page_title":"Montech Industriel\u00f6sungen \u2013 F\u00f6rdertechnik f\u00fcr jede Branche","og_title":"Montech Industriel\u00f6sungen \u2013 F\u00f6rdertechnik f\u00fcr jede Branche","og_image":26835,"og_text":"Effiziente, modulare F\u00f6rdertechnik f\u00fcr vielf\u00e4ltige Branchen. Montech Systeme steigern Produktivit\u00e4t, optimieren Prozesse und sichern reibungslosen Materialfluss.","og_keywords":""},"_links":{"self":[{"href":"https:\/\/montech.com\/ch\/de\/wp-json\/wp\/v2\/pages\/25438","targetHints":{"allow":["GET"]}}],"collection":[{"href":"https:\/\/montech.com\/ch\/de\/wp-json\/wp\/v2\/pages"}],"about":[{"href":"https:\/\/montech.com\/ch\/de\/wp-json\/wp\/v2\/types\/page"}],"author":[{"embeddable":true,"href":"https:\/\/montech.com\/ch\/de\/wp-json\/wp\/v2\/users\/15"}],"replies":[{"embeddable":true,"href":"https:\/\/montech.com\/ch\/de\/wp-json\/wp\/v2\/comments?post=25438"}],"version-history":[{"count":38,"href":"https:\/\/montech.com\/ch\/de\/wp-json\/wp\/v2\/pages\/25438\/revisions"}],"predecessor-version":[{"id":28819,"href":"https:\/\/montech.com\/ch\/de\/wp-json\/wp\/v2\/pages\/25438\/revisions\/28819"}],"wp:attachment":[{"href":"https:\/\/montech.com\/ch\/de\/wp-json\/wp\/v2\/media?parent=25438"}],"curies":[{"name":"wp","href":"https:\/\/api.w.org\/{rel}","templated":true}]}}