{"id":25556,"date":"2025-02-14T09:51:43","date_gmt":"2025-02-14T08:51:43","guid":{"rendered":"https:\/\/montech.com\/ch\/vision-systems-industry\/"},"modified":"2026-03-04T16:56:20","modified_gmt":"2026-03-04T15:56:20","slug":"vision-industrie","status":"publish","type":"page","link":"https:\/\/montech.com\/ch\/de\/industrieloesungen\/vision-industrie\/","title":{"rendered":"F\u00f6rdersysteme f\u00fcr die Vision Industrie"},"content":{"rendered":"","protected":false},"excerpt":{"rendered":"","protected":false},"author":15,"featured_media":0,"parent":25438,"menu_order":0,"comment_status":"closed","ping_status":"closed","template":"views\/products.blade.php","meta":{"_acf_changed":false},"class_list":["post-25556","page","type-page","status-publish","hentry"],"acf":{"disable_search_index":false,"page_title":"F\u00f6rdersysteme f\u00fcr die Vision Industrie | Montech","og_title":"F\u00f6rdersysteme f\u00fcr die Vision Industrie | Montech","og_image":"","og_text":"Modulare F\u00f6rdertechnik f\u00fcr bildverarbeitungsbasierte Prozesse. F\u00f6rderb\u00e4nder erm\u00f6glichen pr\u00e4zise Inspektion, Positionierung und Echtzeit-Qualit\u00e4tskontrolle.","og_keywords":""},"_links":{"self":[{"href":"https:\/\/montech.com\/ch\/de\/wp-json\/wp\/v2\/pages\/25556","targetHints":{"allow":["GET"]}}],"collection":[{"href":"https:\/\/montech.com\/ch\/de\/wp-json\/wp\/v2\/pages"}],"about":[{"href":"https:\/\/montech.com\/ch\/de\/wp-json\/wp\/v2\/types\/page"}],"author":[{"embeddable":true,"href":"https:\/\/montech.com\/ch\/de\/wp-json\/wp\/v2\/users\/15"}],"replies":[{"embeddable":true,"href":"https:\/\/montech.com\/ch\/de\/wp-json\/wp\/v2\/comments?post=25556"}],"version-history":[{"count":17,"href":"https:\/\/montech.com\/ch\/de\/wp-json\/wp\/v2\/pages\/25556\/revisions"}],"predecessor-version":[{"id":27481,"href":"https:\/\/montech.com\/ch\/de\/wp-json\/wp\/v2\/pages\/25556\/revisions\/27481"}],"up":[{"embeddable":true,"href":"https:\/\/montech.com\/ch\/de\/wp-json\/wp\/v2\/pages\/25438"}],"wp:attachment":[{"href":"https:\/\/montech.com\/ch\/de\/wp-json\/wp\/v2\/media?parent=25556"}],"curies":[{"name":"wp","href":"https:\/\/api.w.org\/{rel}","templated":true}]}}