{"id":26496,"date":"2025-04-03T12:01:34","date_gmt":"2025-04-03T10:01:34","guid":{"rendered":"https:\/\/montech.com\/ch\/medical-device-industry\/"},"modified":"2026-04-02T09:59:18","modified_gmt":"2026-04-02T07:59:18","slug":"medizintechnikindustrie","status":"publish","type":"page","link":"https:\/\/montech.com\/ch\/de\/industrieloesungen\/medizintechnikindustrie\/","title":{"rendered":"F\u00f6rdersysteme f\u00fcr die Medizintechnikindustrie"},"content":{"rendered":"","protected":false},"excerpt":{"rendered":"","protected":false},"author":15,"featured_media":0,"parent":25438,"menu_order":0,"comment_status":"closed","ping_status":"closed","template":"views\/products.blade.php","meta":{"_acf_changed":false},"class_list":["post-26496","page","type-page","status-publish","hentry"],"acf":{"disable_search_index":false,"page_title":"F\u00f6rdersysteme f\u00fcr die Medizintechnik | Montech","og_title":"F\u00f6rdersysteme f\u00fcr die Medizintechnik | Montech","og_image":"","og_text":"Reinraumtaugliche, ESD-sichere F\u00f6rdertechnik f\u00fcr medizinische Ger\u00e4te. Pr\u00e4ziser, vibrationsfreier Transport f\u00fcr Montage, Inspektion und Verpackung.","og_keywords":""},"_links":{"self":[{"href":"https:\/\/montech.com\/ch\/de\/wp-json\/wp\/v2\/pages\/26496","targetHints":{"allow":["GET"]}}],"collection":[{"href":"https:\/\/montech.com\/ch\/de\/wp-json\/wp\/v2\/pages"}],"about":[{"href":"https:\/\/montech.com\/ch\/de\/wp-json\/wp\/v2\/types\/page"}],"author":[{"embeddable":true,"href":"https:\/\/montech.com\/ch\/de\/wp-json\/wp\/v2\/users\/15"}],"replies":[{"embeddable":true,"href":"https:\/\/montech.com\/ch\/de\/wp-json\/wp\/v2\/comments?post=26496"}],"version-history":[{"count":20,"href":"https:\/\/montech.com\/ch\/de\/wp-json\/wp\/v2\/pages\/26496\/revisions"}],"predecessor-version":[{"id":29124,"href":"https:\/\/montech.com\/ch\/de\/wp-json\/wp\/v2\/pages\/26496\/revisions\/29124"}],"up":[{"embeddable":true,"href":"https:\/\/montech.com\/ch\/de\/wp-json\/wp\/v2\/pages\/25438"}],"wp:attachment":[{"href":"https:\/\/montech.com\/ch\/de\/wp-json\/wp\/v2\/media?parent=26496"}],"curies":[{"name":"wp","href":"https:\/\/api.w.org\/{rel}","templated":true}]}}