{"id":26722,"date":"2025-07-08T08:37:17","date_gmt":"2025-07-08T06:37:17","guid":{"rendered":"https:\/\/montech.com\/ch\/?page_id=26722"},"modified":"2026-01-14T13:29:40","modified_gmt":"2026-01-14T12:29:40","slug":"sicherheitsindustrie","status":"publish","type":"page","link":"https:\/\/montech.com\/ch\/de\/industrieloesungen\/sicherheitsindustrie\/","title":{"rendered":"F\u00f6rdersysteme f\u00fcr die Sicherheitsindustrie"},"content":{"rendered":"","protected":false},"excerpt":{"rendered":"","protected":false},"author":15,"featured_media":0,"parent":25438,"menu_order":0,"comment_status":"closed","ping_status":"closed","template":"views\/products.blade.php","meta":{"_acf_changed":false},"class_list":["post-26722","page","type-page","status-publish","hentry"],"acf":{"disable_search_index":false,"page_title":"F\u00f6rdersysteme f\u00fcr die Sicherheitsindustrie | Montech","og_title":"F\u00f6rdersysteme f\u00fcr die Sicherheitsindustrie | Montech","og_image":"","og_text":"Modulare F\u00f6rdertechnik f\u00fcr sicherheitskritische Anwendungen \u2013 pr\u00e4zise, r\u00fcckverfolgbar und ESD-kompatibel. Ideal f\u00fcr Inspektion, Montage und Intralogistik.","og_keywords":""},"_links":{"self":[{"href":"https:\/\/montech.com\/ch\/de\/wp-json\/wp\/v2\/pages\/26722","targetHints":{"allow":["GET"]}}],"collection":[{"href":"https:\/\/montech.com\/ch\/de\/wp-json\/wp\/v2\/pages"}],"about":[{"href":"https:\/\/montech.com\/ch\/de\/wp-json\/wp\/v2\/types\/page"}],"author":[{"embeddable":true,"href":"https:\/\/montech.com\/ch\/de\/wp-json\/wp\/v2\/users\/15"}],"replies":[{"embeddable":true,"href":"https:\/\/montech.com\/ch\/de\/wp-json\/wp\/v2\/comments?post=26722"}],"version-history":[{"count":16,"href":"https:\/\/montech.com\/ch\/de\/wp-json\/wp\/v2\/pages\/26722\/revisions"}],"predecessor-version":[{"id":27479,"href":"https:\/\/montech.com\/ch\/de\/wp-json\/wp\/v2\/pages\/26722\/revisions\/27479"}],"up":[{"embeddable":true,"href":"https:\/\/montech.com\/ch\/de\/wp-json\/wp\/v2\/pages\/25438"}],"wp:attachment":[{"href":"https:\/\/montech.com\/ch\/de\/wp-json\/wp\/v2\/media?parent=26722"}],"curies":[{"name":"wp","href":"https:\/\/api.w.org\/{rel}","templated":true}]}}