{"id":26816,"date":"2025-06-30T13:35:36","date_gmt":"2025-06-30T11:35:36","guid":{"rendered":"https:\/\/montech.com\/ch\/?page_id=26816"},"modified":"2026-04-08T11:33:23","modified_gmt":"2026-04-08T09:33:23","slug":"blog","status":"publish","type":"page","link":"https:\/\/montech.com\/ch\/de\/blog\/","title":{"rendered":"Blog"},"content":{"rendered":"","protected":false},"excerpt":{"rendered":"","protected":false},"author":15,"featured_media":0,"parent":0,"menu_order":0,"comment_status":"closed","ping_status":"closed","template":"views\/products.blade.php","meta":{"_acf_changed":false},"class_list":["post-26816","page","type-page","status-publish","hentry"],"acf":{"disable_search_index":false,"page_title":"Montech Blog: Insights zu F\u00f6rdertechnik, Trends und Innovation","og_title":"Montech Blog: Insights zu F\u00f6rdertechnik, Trends und Innovation","og_image":26510,"og_text":"Praxisnahe Einblicke in F\u00f6rder- und Profiltechnik, Know-how, Innovationen und nachhaltige L\u00f6sungen \u2013 der Blog von Montech.","og_keywords":""},"_links":{"self":[{"href":"https:\/\/montech.com\/ch\/de\/wp-json\/wp\/v2\/pages\/26816","targetHints":{"allow":["GET"]}}],"collection":[{"href":"https:\/\/montech.com\/ch\/de\/wp-json\/wp\/v2\/pages"}],"about":[{"href":"https:\/\/montech.com\/ch\/de\/wp-json\/wp\/v2\/types\/page"}],"author":[{"embeddable":true,"href":"https:\/\/montech.com\/ch\/de\/wp-json\/wp\/v2\/users\/15"}],"replies":[{"embeddable":true,"href":"https:\/\/montech.com\/ch\/de\/wp-json\/wp\/v2\/comments?post=26816"}],"version-history":[{"count":81,"href":"https:\/\/montech.com\/ch\/de\/wp-json\/wp\/v2\/pages\/26816\/revisions"}],"predecessor-version":[{"id":29146,"href":"https:\/\/montech.com\/ch\/de\/wp-json\/wp\/v2\/pages\/26816\/revisions\/29146"}],"wp:attachment":[{"href":"https:\/\/montech.com\/ch\/de\/wp-json\/wp\/v2\/media?parent=26816"}],"curies":[{"name":"wp","href":"https:\/\/api.w.org\/{rel}","templated":true}]}}