{"id":26821,"date":"2025-06-30T13:35:25","date_gmt":"2025-06-30T11:35:25","guid":{"rendered":"https:\/\/montech.com\/ch\/?page_id=26821"},"modified":"2025-12-16T15:00:30","modified_gmt":"2025-12-16T14:00:30","slug":"diese-10-fragen-helfen-ihnen-bei-der-wahl-des-richtigen-transportband","status":"publish","type":"page","link":"https:\/\/montech.com\/ch\/de\/blog\/diese-10-fragen-helfen-ihnen-bei-der-wahl-des-richtigen-transportband\/","title":{"rendered":"Diese 10 Fragen helfen Ihnen bei der Wahl des richtigen Transportbands"},"content":{"rendered":"","protected":false},"excerpt":{"rendered":"","protected":false},"author":15,"featured_media":0,"parent":26816,"menu_order":0,"comment_status":"closed","ping_status":"closed","template":"views\/products.blade.php","meta":{"_acf_changed":false},"class_list":["post-26821","page","type-page","status-publish","hentry"],"acf":{"disable_search_index":false,"page_title":"Diese 10 Fragen helfen Ihnen bei der Wahl des richtigen Transportbands","og_title":"Diese 10 Fragen helfen Ihnen bei der Wahl des richtigen Transportbands","og_image":26817,"og_text":"Diese 10 Fragen helfen Ihnen, das passende Transportband f\u00fcr Ihre Produktion zu w\u00e4hlen: F\u00f6rdergut, Umgebung, Strecke, Leistung, Sicherheit, Wartung und Kosten.","og_keywords":""},"_links":{"self":[{"href":"https:\/\/montech.com\/ch\/de\/wp-json\/wp\/v2\/pages\/26821","targetHints":{"allow":["GET"]}}],"collection":[{"href":"https:\/\/montech.com\/ch\/de\/wp-json\/wp\/v2\/pages"}],"about":[{"href":"https:\/\/montech.com\/ch\/de\/wp-json\/wp\/v2\/types\/page"}],"author":[{"embeddable":true,"href":"https:\/\/montech.com\/ch\/de\/wp-json\/wp\/v2\/users\/15"}],"replies":[{"embeddable":true,"href":"https:\/\/montech.com\/ch\/de\/wp-json\/wp\/v2\/comments?post=26821"}],"version-history":[{"count":22,"href":"https:\/\/montech.com\/ch\/de\/wp-json\/wp\/v2\/pages\/26821\/revisions"}],"predecessor-version":[{"id":28363,"href":"https:\/\/montech.com\/ch\/de\/wp-json\/wp\/v2\/pages\/26821\/revisions\/28363"}],"up":[{"embeddable":true,"href":"https:\/\/montech.com\/ch\/de\/wp-json\/wp\/v2\/pages\/26816"}],"wp:attachment":[{"href":"https:\/\/montech.com\/ch\/de\/wp-json\/wp\/v2\/media?parent=26821"}],"curies":[{"name":"wp","href":"https:\/\/api.w.org\/{rel}","templated":true}]}}