{"id":26823,"date":"2025-07-01T10:52:55","date_gmt":"2025-07-01T08:52:55","guid":{"rendered":"https:\/\/montech.com\/ch\/?page_id=26823"},"modified":"2025-12-17T08:47:59","modified_gmt":"2025-12-17T07:47:59","slug":"foerdertechnik-in-der-verpackungsindustrie","status":"publish","type":"page","link":"https:\/\/montech.com\/ch\/de\/blog\/foerdertechnik-in-der-verpackungsindustrie\/","title":{"rendered":"F\u00f6rdertechnik in der Verpackungsindustrie"},"content":{"rendered":"","protected":false},"excerpt":{"rendered":"","protected":false},"author":15,"featured_media":0,"parent":26816,"menu_order":0,"comment_status":"closed","ping_status":"closed","template":"views\/products.blade.php","meta":{"_acf_changed":false},"class_list":["post-26823","page","type-page","status-publish","hentry"],"acf":{"disable_search_index":false,"page_title":"F\u00f6rdertechnik in der Verpackungsindustrie | Montech","og_title":"F\u00f6rdertechnik in der Verpackungsindustrie | Montech","og_image":26840,"og_text":"Warum F\u00f6rdertechnik in der Verpackungsindustrie unverzichtbar ist. Anwendungen, Anforderungen und modulare L\u00f6sungen f\u00fcr effiziente Verpackungsprozesse.","og_keywords":""},"_links":{"self":[{"href":"https:\/\/montech.com\/ch\/de\/wp-json\/wp\/v2\/pages\/26823","targetHints":{"allow":["GET"]}}],"collection":[{"href":"https:\/\/montech.com\/ch\/de\/wp-json\/wp\/v2\/pages"}],"about":[{"href":"https:\/\/montech.com\/ch\/de\/wp-json\/wp\/v2\/types\/page"}],"author":[{"embeddable":true,"href":"https:\/\/montech.com\/ch\/de\/wp-json\/wp\/v2\/users\/15"}],"replies":[{"embeddable":true,"href":"https:\/\/montech.com\/ch\/de\/wp-json\/wp\/v2\/comments?post=26823"}],"version-history":[{"count":12,"href":"https:\/\/montech.com\/ch\/de\/wp-json\/wp\/v2\/pages\/26823\/revisions"}],"predecessor-version":[{"id":28367,"href":"https:\/\/montech.com\/ch\/de\/wp-json\/wp\/v2\/pages\/26823\/revisions\/28367"}],"up":[{"embeddable":true,"href":"https:\/\/montech.com\/ch\/de\/wp-json\/wp\/v2\/pages\/26816"}],"wp:attachment":[{"href":"https:\/\/montech.com\/ch\/de\/wp-json\/wp\/v2\/media?parent=26823"}],"curies":[{"name":"wp","href":"https:\/\/api.w.org\/{rel}","templated":true}]}}